{"id":3004,"date":"2025-03-05T09:56:26","date_gmt":"2025-03-05T08:56:26","guid":{"rendered":"https:\/\/www.hoeco.fr\/?page_id=3004"},"modified":"2025-03-05T11:50:46","modified_gmt":"2025-03-05T10:50:46","slug":"sur-le-chantier-de-papa-et-maman","status":"publish","type":"page","link":"https:\/\/www.hoeco.fr\/?page_id=3004","title":{"rendered":"\u00ab\u00a0SUR LE CHANTIER DE PAPA ET MAMAN\u00a0\u00bb"},"content":{"rendered":"<div data-colibri-id=\"3004-c1\" class=\"style-2317 style-local-3004-c1 position-relative\">\n  <!---->\n  <div data-colibri-component=\"section\" data-colibri-id=\"3004-c2\" id=\"photo-gallery-2\" class=\"h-section h-section-global-spacing d-flex align-items-lg-center align-items-md-center align-items-center style-2332 style-local-3004-c2 position-relative\">\n    <!---->\n    <!---->\n    <div class=\"h-section-grid-container h-section-fluid-container\">\n      <div data-colibri-id=\"3004-c6\" class=\"h-row-container gutters-row-lg-2 gutters-row-md-2 gutters-row-2 gutters-row-v-lg-2 gutters-row-v-md-2 gutters-row-v-2 style-2336 style-local-3004-c6 position-relative\">\n        <!---->\n        <div class=\"h-row justify-content-lg-center justify-content-md-center justify-content-center align-items-lg-stretch align-items-md-stretch align-items-stretch gutters-col-lg-2 gutters-col-md-2 gutters-col-2 gutters-col-v-lg-2 gutters-col-v-md-2 gutters-col-v-2\">\n          <!---->\n          <div class=\"h-column h-column-container d-flex h-col-lg-auto h-col-md-auto h-col-auto style-2337-outer style-local-3004-c7-outer\">\n            <div data-colibri-id=\"3004-c7\" class=\"d-flex h-flex-basis h-column__inner h-px-lg-2 h-px-md-2 h-px-2 v-inner-lg-2 v-inner-md-2 v-inner-2 style-2337 style-local-3004-c7 position-relative\">\n              <!---->\n              <!---->\n              <div class=\"w-100 h-y-container h-column__content h-column__v-align flex-basis-100 align-self-lg-start align-self-md-start align-self-start\">\n                <!---->\n                <div data-colibri-id=\"3004-c8\" class=\"h-global-transition-all h-heading style-2338 style-local-3004-c8 position-relative h-element\">\n                  <!---->\n                  <div class=\"h-heading__outer style-2338 style-local-3004-c8\">\n                    <!---->\n                    <!---->\n                    <h2 class=\"\">D\u00e9couverte des m\u00e9tiers de la construction<\/h2>\n                  <\/div>\n                <\/div>\n                <div data-colibri-id=\"3004-c9\" class=\"h-lead h-text h-text-component style-2339 style-local-3004-c9 position-relative h-element\">\n                  <!---->\n                  <!---->\n                  <div class=\"\">\n                    <p><em>Projet pens\u00e9 et r\u00e9alis\u00e9 par l&rsquo;\u00e9quipe HOECO, sur le projet architectural <br>de MICASASUCASA &#8211; La Cit\u00e9 administrative DUPERRE<br><\/em>\n                      <br>\n                    <\/p>\n                  <\/div>\n                <\/div>\n                <div data-colibri-id=\"3004-c10\" class=\"h-lead h-text h-text-component style-2340 style-local-3004-c10 position-relative h-element\">\n                  <!---->\n                  <!---->\n                  <div class=\"\">\n                    <p>Cet \u00e9t\u00e9, sur le chantier de la Cit\u00e9 administrative Duperr\u00e9 \u00e0 La Rochelle (17), nous avons pens\u00e9 un <strong>groupe \u00e9ducatif et p\u00e9dagogique<\/strong> qui inviterait les enfants \u00e0 <strong>d\u00e9couvrir les diff\u00e9rentes m\u00e9tiers de la construction<\/strong>.\n                      Ce groupe leur offre un espace de parole o\u00f9 ils peuvent partager leurs questionnements, exprimer les incompr\u00e9hensions, leurs doutes, leurs envies de m\u00e9tiers.\n                      <br>\n                      <br><em><u>Les objectifs \u00e9taient les suivants<\/u> : <br>&gt;&gt;&gt; Travailler autour des repr\u00e9sentations et de la compr\u00e9hension du m\u00e9tier de nos parents.<br><\/em><em style=\"color: rgb(37, 41, 42); font-family: &quot;Open Sans&quot;; font-size: 16px; font-weight: 300;\">&gt;&gt;&gt;&nbsp;<\/em><em>Accompagner les jeunes sur la perception qu&rsquo;ils peuvent avoir d&rsquo;un m\u00e9tier de la construction. <br><\/em>\n                      <em\n                        style=\"color: rgb(37, 41, 42); font-family: &quot;Open Sans&quot;; font-size: 16px; font-weight: 300;\">&gt;&gt;&gt;&nbsp;<\/em><em>Introduire, du fait de l&rsquo;initiative des enfants, des \u00e9changes entre eux et leurs parents autour du quotidien de chacun, pour inclure l&rsquo;enfant dans leur partage d&rsquo;exp\u00e9riences.<br><\/em><em style=\"color: rgb(37, 41, 42); font-family: &quot;Open Sans&quot;; font-size: 16px; font-weight: 300;\">&gt;&gt;&gt;&nbsp;<\/em><em>Amener les jeunes \u00e0 d\u00e9velopper une r\u00e9flexion sur les diff\u00e9rentes cat\u00e9gories de m\u00e9tiers. <\/em>\n                        <br>\n                        <br>\n                        <br>Puis, tout simplement, qui n&rsquo;a jamais entendu ou demand\u00e9 \u00e0 un enfant : <strong>\u00ab\u00a0Lorsque tu seras grand, qu&rsquo;est-ce que tu aimerais faire comme travail?\u00a0\u00bb<\/strong>.&nbsp;\n                        <br>Les enfants ne se lassent pas de jeux symboliques comme jouer au policier, au professeur, au m\u00e9decin ou encore au cuisinier&#8230; Chaque matin, lorsque papa et maman se pr\u00e9parent pour aller au travail, les enfants s&rsquo;imaginent r\u00e9aliser\n                        la m\u00eame action pour lorsqu&rsquo;ils seront en \u00e2ge de le faire.&nbsp;\n                        <br>\n                        <br>Puis, chacun rentre \u00e0 la maison \u00e0 la fin de sa journ\u00e9e d&rsquo;\u00e9cole ou de travail. Et quelle question est pos\u00e9e ? &gt;&gt;&gt; \u00ab\u00a0Alors, comment s&rsquo;est pass\u00e9e ta journ\u00e9e?\u00a0\u00bb. La <strong>communication<\/strong> est essentiellement contr\u00e9e\n                        sur les activit\u00e9s r\u00e9alis\u00e9es par l&rsquo;enfant au cours de sa journ\u00e9e, et non pas sur celles des parents. Pour autant, ces \u00e9changes vont permettre aux enfants de <strong>d\u00e9velopper, d&rsquo;alimenter et de consolider <\/strong>diff\u00e9rents savoirs\n                        (savoir-faire et savoir-\u00eatre), attraits, int\u00e9r\u00eats. Aussi, l&rsquo;exp\u00e9rience partag\u00e9e par le parents va conduire l&rsquo;enfant \u00e0 <strong>se renseigner<\/strong> sur certains m\u00e9tiers ou certaines dimensions de m\u00e9tiers qu&rsquo;il aimerait <strong>explorer\/faire <\/strong>plus\n                        tard, sur ses connaissances du \u00ab\u00a0monde des grands\u00a0\u00bb.&nbsp;<\/p>\n                  <\/div>\n                <\/div>\n              <\/div>\n            <\/div>\n          <\/div>\n        <\/div>\n      <\/div>\n      <div data-colibri-id=\"3004-c3\" class=\"h-row-container gutters-row-lg-2 gutters-row-md-2 gutters-row-2 gutters-row-v-lg-2 gutters-row-v-md-2 gutters-row-v-2 style-2333 style-local-3004-c3 position-relative\">\n        <!---->\n        <div class=\"h-row justify-content-lg-center justify-content-md-center justify-content-center align-items-lg-stretch align-items-md-stretch align-items-stretch gutters-col-lg-2 gutters-col-md-2 gutters-col-2 gutters-col-v-lg-2 gutters-col-v-md-2 gutters-col-v-2\">\n          <!---->\n          <div class=\"h-column h-column-container d-flex h-col-lg-auto h-col-md-auto h-col-auto style-2334-outer style-local-3004-c4-outer\">\n            <div data-colibri-id=\"3004-c4\" class=\"d-flex h-flex-basis h-column__inner h-px-lg-2 h-px-md-2 h-px-2 v-inner-lg-2 v-inner-md-2 v-inner-2 style-2334 style-local-3004-c4 position-relative\">\n              <!---->\n              <!---->\n              <div class=\"w-100 h-y-container h-column__content h-column__v-align flex-basis-100 align-self-lg-start align-self-md-start align-self-start\">\n                <!---->\n                <div data-colibri-component=\"masonry\" data-colibri-id=\"3004-c5\" class=\"h-photo-gallery margin-none caption-none style-2335 style-local-3004-c5 position-relative h-element\">\n                  <!---->\n                  <div class=\"h-global-transition-all caption-wrapper-full\"><div id='colibri-3004-c5' class='gallery-wrapper'>    <style type=\"text\/css\">\n\n        @media (min-width: 1023px) {        #colibri-3004-c5        dl {\n            float: left;\n            width: 33.333333333333% !important;\n            max-width: 33.333333333333% !important;\n            min-width: 33.333333333333% !important;\n        }\n\n        #colibri-3004-c5        dl:nth-of-type(3n +1 ) {\n            clear: both;\n        }\n\n        }@media (min-width: 768px) and (max-width: 1023px) {        #colibri-3004-c5        dl {\n            float: left;\n            width: 33.333333333333% !important;\n            max-width: 33.333333333333% !important;\n            min-width: 33.333333333333% !important;\n        }\n\n        #colibri-3004-c5        dl:nth-of-type(3n +1 ) {\n            clear: both;\n        }\n\n        }@media (max-width: 767px) {        #colibri-3004-c5        dl {\n            float: left;\n            width: 50% !important;\n            max-width: 50% !important;\n            min-width: 50% !important;\n        }\n\n        #colibri-3004-c5        dl:nth-of-type(2n +1 ) {\n            clear: both;\n        }\n\n        }\n        #colibri-3004-c5        .gallery-item {\n            position: relative;\n        }\n\n        \n    <\/style>\n    <div   class='colibri-3004-c5-dls-wrapper gallery-items-wrapper' ><dl class='gallery-item masonry-item'>\n\t\t\t<dt class='gallery-icon portrait'>\n\t\t\t\t<a data-fancybox=\"colibri-3004-c5-group\" href='https:\/\/www.hoeco.fr\/wp-content\/uploads\/2023\/07\/cropped-24-scaled-1.jpeg'><img loading=\"lazy\" decoding=\"async\"  width=\"1918\" height=\"1922\" src=\"https:\/\/www.hoeco.fr\/wp-content\/uploads\/2023\/07\/cropped-24-scaled-1.jpeg\"  class='colibri-3004-c5-image' alt=\"\" srcset=\"https:\/\/www.hoeco.fr\/wp-content\/uploads\/2023\/07\/cropped-24-scaled-1.jpeg 1918w, https:\/\/www.hoeco.fr\/wp-content\/uploads\/2023\/07\/cropped-24-scaled-1-300x300.jpeg 300w, https:\/\/www.hoeco.fr\/wp-content\/uploads\/2023\/07\/cropped-24-scaled-1-1022x1024.jpeg 1022w, https:\/\/www.hoeco.fr\/wp-content\/uploads\/2023\/07\/cropped-24-scaled-1-150x150.jpeg 150w, https:\/\/www.hoeco.fr\/wp-content\/uploads\/2023\/07\/cropped-24-scaled-1-768x770.jpeg 768w, https:\/\/www.hoeco.fr\/wp-content\/uploads\/2023\/07\/cropped-24-scaled-1-1533x1536.jpeg 1533w\" sizes=\"auto, (max-width: 1918px) 100vw, 1918px\" \/><\/a>\n\t\t\t<\/dt><\/dl><dl class='gallery-item masonry-item'>\n\t\t\t<dt class='gallery-icon portrait'>\n\t\t\t\t<a data-fancybox=\"colibri-3004-c5-group\" href='https:\/\/www.hoeco.fr\/wp-content\/uploads\/2023\/07\/IMG_8358-scaled.jpeg'><img loading=\"lazy\" decoding=\"async\"  width=\"1920\" height=\"2560\" src=\"https:\/\/www.hoeco.fr\/wp-content\/uploads\/2023\/07\/IMG_8358-scaled.jpeg\"  class='colibri-3004-c5-image' alt=\"\" srcset=\"https:\/\/www.hoeco.fr\/wp-content\/uploads\/2023\/07\/IMG_8358-scaled.jpeg 1920w, https:\/\/www.hoeco.fr\/wp-content\/uploads\/2023\/07\/IMG_8358-225x300.jpeg 225w, https:\/\/www.hoeco.fr\/wp-content\/uploads\/2023\/07\/IMG_8358-768x1024.jpeg 768w, https:\/\/www.hoeco.fr\/wp-content\/uploads\/2023\/07\/IMG_8358-1152x1536.jpeg 1152w\" sizes=\"auto, (max-width: 1920px) 100vw, 1920px\" \/><\/a>\n\t\t\t<\/dt><\/dl><dl class='gallery-item masonry-item'>\n\t\t\t<dt class='gallery-icon portrait'>\n\t\t\t\t<a data-fancybox=\"colibri-3004-c5-group\" href='https:\/\/www.hoeco.fr\/wp-content\/uploads\/2023\/07\/IMG_8351-scaled.jpeg'><img loading=\"lazy\" decoding=\"async\"  width=\"1920\" height=\"2560\" src=\"https:\/\/www.hoeco.fr\/wp-content\/uploads\/2023\/07\/IMG_8351-scaled.jpeg\"  class='colibri-3004-c5-image' alt=\"\" srcset=\"https:\/\/www.hoeco.fr\/wp-content\/uploads\/2023\/07\/IMG_8351-scaled.jpeg 1920w, https:\/\/www.hoeco.fr\/wp-content\/uploads\/2023\/07\/IMG_8351-225x300.jpeg 225w, https:\/\/www.hoeco.fr\/wp-content\/uploads\/2023\/07\/IMG_8351-768x1024.jpeg 768w, https:\/\/www.hoeco.fr\/wp-content\/uploads\/2023\/07\/IMG_8351-1152x1536.jpeg 1152w, https:\/\/www.hoeco.fr\/wp-content\/uploads\/2023\/07\/IMG_8351-1536x2048.jpeg 1536w\" sizes=\"auto, (max-width: 1920px) 100vw, 1920px\" \/><\/a>\n\t\t\t<\/dt><\/dl><dl class='gallery-item masonry-item'>\n\t\t\t<dt class='gallery-icon landscape'>\n\t\t\t\t<a data-fancybox=\"colibri-3004-c5-group\" href='https:\/\/www.hoeco.fr\/wp-content\/uploads\/2023\/07\/11-scaled.jpeg'><img loading=\"lazy\" decoding=\"async\"  width=\"2560\" height=\"1920\" src=\"https:\/\/www.hoeco.fr\/wp-content\/uploads\/2023\/07\/11-scaled.jpeg\"  class='colibri-3004-c5-image' alt=\"\" srcset=\"https:\/\/www.hoeco.fr\/wp-content\/uploads\/2023\/07\/11-scaled.jpeg 2560w, https:\/\/www.hoeco.fr\/wp-content\/uploads\/2023\/07\/11-300x225.jpeg 300w, https:\/\/www.hoeco.fr\/wp-content\/uploads\/2023\/07\/11-1024x768.jpeg 1024w, https:\/\/www.hoeco.fr\/wp-content\/uploads\/2023\/07\/11-768x576.jpeg 768w, https:\/\/www.hoeco.fr\/wp-content\/uploads\/2023\/07\/11-1536x1152.jpeg 1536w, https:\/\/www.hoeco.fr\/wp-content\/uploads\/2023\/07\/11-2048x1536.jpeg 2048w\" sizes=\"auto, (max-width: 2560px) 100vw, 2560px\" \/><\/a>\n\t\t\t<\/dt><\/dl><dl class='gallery-item masonry-item'>\n\t\t\t<dt class='gallery-icon landscape'>\n\t\t\t\t<a data-fancybox=\"colibri-3004-c5-group\" href='https:\/\/www.hoeco.fr\/wp-content\/uploads\/2023\/07\/1-scaled.jpeg'><img loading=\"lazy\" decoding=\"async\"  width=\"2560\" height=\"1920\" src=\"https:\/\/www.hoeco.fr\/wp-content\/uploads\/2023\/07\/1-scaled.jpeg\"  class='colibri-3004-c5-image' alt=\"\" srcset=\"https:\/\/www.hoeco.fr\/wp-content\/uploads\/2023\/07\/1-scaled.jpeg 2560w, https:\/\/www.hoeco.fr\/wp-content\/uploads\/2023\/07\/1-300x225.jpeg 300w, https:\/\/www.hoeco.fr\/wp-content\/uploads\/2023\/07\/1-1024x768.jpeg 1024w, https:\/\/www.hoeco.fr\/wp-content\/uploads\/2023\/07\/1-768x576.jpeg 768w, https:\/\/www.hoeco.fr\/wp-content\/uploads\/2023\/07\/1-1536x1152.jpeg 1536w, https:\/\/www.hoeco.fr\/wp-content\/uploads\/2023\/07\/1-2048x1536.jpeg 2048w\" sizes=\"auto, (max-width: 2560px) 100vw, 2560px\" \/><\/a>\n\t\t\t<\/dt><\/dl><dl class='gallery-item masonry-item'>\n\t\t\t<dt class='gallery-icon portrait'>\n\t\t\t\t<a data-fancybox=\"colibri-3004-c5-group\" href='https:\/\/www.hoeco.fr\/wp-content\/uploads\/2023\/07\/21-scaled.jpeg'><img loading=\"lazy\" decoding=\"async\"  width=\"1920\" height=\"2560\" src=\"https:\/\/www.hoeco.fr\/wp-content\/uploads\/2023\/07\/21-scaled.jpeg\"  class='colibri-3004-c5-image' alt=\"\" srcset=\"https:\/\/www.hoeco.fr\/wp-content\/uploads\/2023\/07\/21-scaled.jpeg 1920w, https:\/\/www.hoeco.fr\/wp-content\/uploads\/2023\/07\/21-225x300.jpeg 225w, https:\/\/www.hoeco.fr\/wp-content\/uploads\/2023\/07\/21-768x1024.jpeg 768w, https:\/\/www.hoeco.fr\/wp-content\/uploads\/2023\/07\/21-1152x1536.jpeg 1152w, https:\/\/www.hoeco.fr\/wp-content\/uploads\/2023\/07\/21-1536x2048.jpeg 1536w\" sizes=\"auto, (max-width: 1920px) 100vw, 1920px\" \/><\/a>\n\t\t\t<\/dt><\/dl><dl class='gallery-item masonry-item'>\n\t\t\t<dt class='gallery-icon portrait'>\n\t\t\t\t<a data-fancybox=\"colibri-3004-c5-group\" href='https:\/\/www.hoeco.fr\/wp-content\/uploads\/2023\/07\/IMG_8182-scaled.jpeg'><img loading=\"lazy\" decoding=\"async\"  width=\"1920\" height=\"2560\" src=\"https:\/\/www.hoeco.fr\/wp-content\/uploads\/2023\/07\/IMG_8182-scaled.jpeg\"  class='colibri-3004-c5-image' alt=\"\" srcset=\"https:\/\/www.hoeco.fr\/wp-content\/uploads\/2023\/07\/IMG_8182-scaled.jpeg 1920w, https:\/\/www.hoeco.fr\/wp-content\/uploads\/2023\/07\/IMG_8182-225x300.jpeg 225w, https:\/\/www.hoeco.fr\/wp-content\/uploads\/2023\/07\/IMG_8182-768x1024.jpeg 768w, https:\/\/www.hoeco.fr\/wp-content\/uploads\/2023\/07\/IMG_8182-1152x1536.jpeg 1152w, https:\/\/www.hoeco.fr\/wp-content\/uploads\/2023\/07\/IMG_8182-1536x2048.jpeg 1536w\" sizes=\"auto, (max-width: 1920px) 100vw, 1920px\" \/><\/a>\n\t\t\t<\/dt><\/dl><dl class='gallery-item masonry-item'>\n\t\t\t<dt class='gallery-icon portrait'>\n\t\t\t\t<a data-fancybox=\"colibri-3004-c5-group\" href='https:\/\/www.hoeco.fr\/wp-content\/uploads\/2023\/07\/IMG_8195-scaled.jpeg'><img loading=\"lazy\" decoding=\"async\"  width=\"1920\" height=\"2560\" src=\"https:\/\/www.hoeco.fr\/wp-content\/uploads\/2023\/07\/IMG_8195-scaled.jpeg\"  class='colibri-3004-c5-image' alt=\"\" srcset=\"https:\/\/www.hoeco.fr\/wp-content\/uploads\/2023\/07\/IMG_8195-scaled.jpeg 1920w, https:\/\/www.hoeco.fr\/wp-content\/uploads\/2023\/07\/IMG_8195-225x300.jpeg 225w, https:\/\/www.hoeco.fr\/wp-content\/uploads\/2023\/07\/IMG_8195-768x1024.jpeg 768w, https:\/\/www.hoeco.fr\/wp-content\/uploads\/2023\/07\/IMG_8195-1152x1536.jpeg 1152w, https:\/\/www.hoeco.fr\/wp-content\/uploads\/2023\/07\/IMG_8195-1536x2048.jpeg 1536w\" sizes=\"auto, (max-width: 1920px) 100vw, 1920px\" \/><\/a>\n\t\t\t<\/dt><\/dl><dl class='gallery-item masonry-item'>\n\t\t\t<dt class='gallery-icon portrait'>\n\t\t\t\t<a data-fancybox=\"colibri-3004-c5-group\" href='https:\/\/www.hoeco.fr\/wp-content\/uploads\/2023\/07\/IMG_8347-scaled.jpeg'><img loading=\"lazy\" decoding=\"async\"  width=\"1920\" height=\"2560\" src=\"https:\/\/www.hoeco.fr\/wp-content\/uploads\/2023\/07\/IMG_8347-scaled.jpeg\"  class='colibri-3004-c5-image' alt=\"\" srcset=\"https:\/\/www.hoeco.fr\/wp-content\/uploads\/2023\/07\/IMG_8347-scaled.jpeg 1920w, https:\/\/www.hoeco.fr\/wp-content\/uploads\/2023\/07\/IMG_8347-225x300.jpeg 225w, https:\/\/www.hoeco.fr\/wp-content\/uploads\/2023\/07\/IMG_8347-768x1024.jpeg 768w, https:\/\/www.hoeco.fr\/wp-content\/uploads\/2023\/07\/IMG_8347-1152x1536.jpeg 1152w, https:\/\/www.hoeco.fr\/wp-content\/uploads\/2023\/07\/IMG_8347-1536x2048.jpeg 1536w\" sizes=\"auto, (max-width: 1920px) 100vw, 1920px\" \/><\/a>\n\t\t\t<\/dt><\/dl><dl class='gallery-item masonry-item'>\n\t\t\t<dt class='gallery-icon portrait'>\n\t\t\t\t<a data-fancybox=\"colibri-3004-c5-group\" href='https:\/\/www.hoeco.fr\/wp-content\/uploads\/2023\/07\/IMG_8190-scaled.jpeg'><img loading=\"lazy\" decoding=\"async\"  width=\"1920\" height=\"2560\" src=\"https:\/\/www.hoeco.fr\/wp-content\/uploads\/2023\/07\/IMG_8190-scaled.jpeg\"  class='colibri-3004-c5-image' alt=\"\" srcset=\"https:\/\/www.hoeco.fr\/wp-content\/uploads\/2023\/07\/IMG_8190-scaled.jpeg 1920w, https:\/\/www.hoeco.fr\/wp-content\/uploads\/2023\/07\/IMG_8190-225x300.jpeg 225w, https:\/\/www.hoeco.fr\/wp-content\/uploads\/2023\/07\/IMG_8190-768x1024.jpeg 768w, https:\/\/www.hoeco.fr\/wp-content\/uploads\/2023\/07\/IMG_8190-1152x1536.jpeg 1152w, https:\/\/www.hoeco.fr\/wp-content\/uploads\/2023\/07\/IMG_8190-1536x2048.jpeg 1536w\" sizes=\"auto, (max-width: 1920px) 100vw, 1920px\" \/><\/a>\n\t\t\t<\/dt><\/dl><dl class='gallery-item masonry-item'>\n\t\t\t<dt class='gallery-icon portrait'>\n\t\t\t\t<a data-fancybox=\"colibri-3004-c5-group\" href='https:\/\/www.hoeco.fr\/wp-content\/uploads\/2023\/07\/IMG_8355-scaled.jpeg'><img loading=\"lazy\" decoding=\"async\"  width=\"1920\" height=\"2560\" src=\"https:\/\/www.hoeco.fr\/wp-content\/uploads\/2023\/07\/IMG_8355-scaled.jpeg\"  class='colibri-3004-c5-image' alt=\"\" srcset=\"https:\/\/www.hoeco.fr\/wp-content\/uploads\/2023\/07\/IMG_8355-scaled.jpeg 1920w, https:\/\/www.hoeco.fr\/wp-content\/uploads\/2023\/07\/IMG_8355-225x300.jpeg 225w, https:\/\/www.hoeco.fr\/wp-content\/uploads\/2023\/07\/IMG_8355-768x1024.jpeg 768w, https:\/\/www.hoeco.fr\/wp-content\/uploads\/2023\/07\/IMG_8355-1152x1536.jpeg 1152w, https:\/\/www.hoeco.fr\/wp-content\/uploads\/2023\/07\/IMG_8355-1536x2048.jpeg 1536w\" sizes=\"auto, (max-width: 1920px) 100vw, 1920px\" \/><\/a>\n\t\t\t<\/dt><\/dl>\n\t\t\t\n\t\t<\/div>\n<style>#colibri-3004-c5 .wp-caption-text.gallery-caption{display:none;}<\/style><\/div><\/div>\n                <\/div>\n              <\/div>\n            <\/div>\n          <\/div>\n        <\/div>\n      <\/div>\n    <\/div>\n  <\/div>\n<\/div>","protected":false},"excerpt":{"rendered":"<p>D\u00e9couverte des m\u00e9tiers de la construction Projet pens\u00e9 et r\u00e9alis\u00e9 par l&rsquo;\u00e9quipe HOECO, sur le projet architectural de MICASASUCASA &#8211; La Cit\u00e9 administrative DUPERRE Cet \u00e9t\u00e9, sur le chantier de la Cit\u00e9 administrative Duperr\u00e9 \u00e0 La Rochelle (17), nous avons pens\u00e9 un groupe \u00e9ducatif et p\u00e9dagogique qui inviterait les enfants \u00e0 d\u00e9couvrir les diff\u00e9rentes m\u00e9tiers [&hellip;]<\/p>\n","protected":false},"author":1,"featured_media":0,"parent":0,"menu_order":0,"comment_status":"closed","ping_status":"closed","template":"page-templates\/full-width-page.php","meta":{"footnotes":""},"class_list":["post-3004","page","type-page","status-publish","hentry"],"_links":{"self":[{"href":"https:\/\/www.hoeco.fr\/index.php?rest_route=\/wp\/v2\/pages\/3004","targetHints":{"allow":["GET"]}}],"collection":[{"href":"https:\/\/www.hoeco.fr\/index.php?rest_route=\/wp\/v2\/pages"}],"about":[{"href":"https:\/\/www.hoeco.fr\/index.php?rest_route=\/wp\/v2\/types\/page"}],"author":[{"embeddable":true,"href":"https:\/\/www.hoeco.fr\/index.php?rest_route=\/wp\/v2\/users\/1"}],"replies":[{"embeddable":true,"href":"https:\/\/www.hoeco.fr\/index.php?rest_route=%2Fwp%2Fv2%2Fcomments&post=3004"}],"version-history":[{"count":4,"href":"https:\/\/www.hoeco.fr\/index.php?rest_route=\/wp\/v2\/pages\/3004\/revisions"}],"predecessor-version":[{"id":3033,"href":"https:\/\/www.hoeco.fr\/index.php?rest_route=\/wp\/v2\/pages\/3004\/revisions\/3033"}],"wp:attachment":[{"href":"https:\/\/www.hoeco.fr\/index.php?rest_route=%2Fwp%2Fv2%2Fmedia&parent=3004"}],"curies":[{"name":"wp","href":"https:\/\/api.w.org\/{rel}","templated":true}]}}