{"id":2260,"date":"2025-01-15T12:32:43","date_gmt":"2025-01-15T11:32:43","guid":{"rendered":"https:\/\/www.hoeco.fr\/?page_id=2260"},"modified":"2025-01-16T08:23:56","modified_gmt":"2025-01-16T07:23:56","slug":"creche-des-ptits-droles","status":"publish","type":"page","link":"https:\/\/www.hoeco.fr\/?page_id=2260","title":{"rendered":"CR\u00c8CHE DES P&rsquo;TITS DR\u00d4LES"},"content":{"rendered":"<div data-colibri-id=\"2260-c1\" class=\"style-1987 style-local-2260-c1 position-relative\">\n  <!---->\n  <div data-colibri-component=\"section\" data-colibri-id=\"2260-c2\" id=\"reusable-sections\" class=\"h-section h-section-global-spacing d-flex align-items-lg-center align-items-md-center align-items-center style-1988 style-local-2260-c2 position-relative\">\n    <!---->\n    <!---->\n    <div class=\"h-section-grid-container h-section-fluid-container\">\n      <!---->\n      <div data-colibri-id=\"2260-c3\" class=\"h-row-container gutters-row-lg-0 gutters-row-md-0 gutters-row-0 gutters-row-v-lg-0 gutters-row-v-md-0 gutters-row-v-0 style-1989 style-local-2260-c3 position-relative\">\n        <!---->\n        <div class=\"h-row justify-content-lg-center justify-content-md-center justify-content-center align-items-lg-stretch align-items-md-stretch align-items-stretch gutters-col-lg-0 gutters-col-md-0 gutters-col-0 gutters-col-v-lg-0 gutters-col-v-md-0 gutters-col-v-0\">\n          <!---->\n          <div class=\"h-column h-column-container d-flex h-col-lg-auto h-col-md-auto h-col-auto style-1990-outer style-local-2260-c4-outer\">\n            <div data-colibri-id=\"2260-c4\" class=\"d-flex h-flex-basis h-column__inner h-px-lg-2 h-px-md-2 h-px-2 v-inner-lg-2 v-inner-md-2 v-inner-2 style-1990 style-local-2260-c4 position-relative\">\n              <!---->\n              <!---->\n              <div class=\"w-100 h-y-container h-column__content h-column__v-align flex-basis-100 align-self-lg-start align-self-md-start align-self-start\">\n                <!---->\n                <div data-colibri-id=\"2260-c5\" class=\"d-block style-1991 style-local-2260-c5 position-relative h-element\">\n                  <!---->\n                  <div class=\"h-image__frame-container-outer\">\n                    <div class=\"h-image__frame-container\">\n                      <!---->\n                      <!---->\n                      <img loading=\"lazy\" decoding=\"async\" width=\"1426\" height=\"1080\" src=\"https:\/\/www.hoeco.fr\/wp-content\/uploads\/2022\/07\/Creche-Ptits-Droles_2.png\" class=\"wp-image-381 style-1991-image style-local-2260-c5-image\" alt=\"\" srcset=\"https:\/\/www.hoeco.fr\/wp-content\/uploads\/2022\/07\/Creche-Ptits-Droles_2.png 1426w, https:\/\/www.hoeco.fr\/wp-content\/uploads\/2022\/07\/Creche-Ptits-Droles_2-300x227.png 300w, https:\/\/www.hoeco.fr\/wp-content\/uploads\/2022\/07\/Creche-Ptits-Droles_2-1024x776.png 1024w, https:\/\/www.hoeco.fr\/wp-content\/uploads\/2022\/07\/Creche-Ptits-Droles_2-768x582.png 768w\" sizes=\"auto, (max-width: 1426px) 100vw, 1426px\" \/>\n                      <div class=\"h-image__frame h-hide-lg h-hide-md h-hide-sm style-1991-frameImage style-local-2260-c5-frameImage\"><\/div>\n                    <\/div>\n                  <\/div>\n                <\/div>\n                <div data-colibri-id=\"2260-c6\" class=\"d-block style-1992 style-local-2260-c6 position-relative h-element\">\n                  <!---->\n                  <div class=\"h-image__frame-container-outer\">\n                    <div class=\"h-image__frame-container\">\n                      <!---->\n                      <!---->\n                      <img loading=\"lazy\" decoding=\"async\" width=\"1414\" height=\"1070\" src=\"https:\/\/www.hoeco.fr\/wp-content\/uploads\/2022\/07\/Creche-Ptits-Droles_3.png\" class=\"wp-image-382 style-1992-image style-local-2260-c6-image\" alt=\"\" srcset=\"https:\/\/www.hoeco.fr\/wp-content\/uploads\/2022\/07\/Creche-Ptits-Droles_3.png 1414w, https:\/\/www.hoeco.fr\/wp-content\/uploads\/2022\/07\/Creche-Ptits-Droles_3-300x227.png 300w, https:\/\/www.hoeco.fr\/wp-content\/uploads\/2022\/07\/Creche-Ptits-Droles_3-1024x775.png 1024w, https:\/\/www.hoeco.fr\/wp-content\/uploads\/2022\/07\/Creche-Ptits-Droles_3-768x581.png 768w\" sizes=\"auto, (max-width: 1414px) 100vw, 1414px\" \/>\n                      <div class=\"h-image__frame h-hide-lg h-hide-md h-hide-sm style-1992-frameImage style-local-2260-c6-frameImage\"><\/div>\n                    <\/div>\n                  <\/div>\n                <\/div>\n                <div data-colibri-id=\"2260-c7\" class=\"d-block style-1992 style-local-2260-c7 position-relative h-element\">\n                  <!---->\n                  <div class=\"h-image__frame-container-outer\">\n                    <div class=\"h-image__frame-container\">\n                      <!---->\n                      <!---->\n                      <img loading=\"lazy\" decoding=\"async\" width=\"632\" height=\"856\" src=\"https:\/\/www.hoeco.fr\/wp-content\/uploads\/2023\/07\/DCAO_CRECHE-5.png\" class=\"wp-image-1541 style-1992-image style-local-2260-c7-image\" alt=\"\" srcset=\"https:\/\/www.hoeco.fr\/wp-content\/uploads\/2023\/07\/DCAO_CRECHE-5.png 632w, https:\/\/www.hoeco.fr\/wp-content\/uploads\/2023\/07\/DCAO_CRECHE-5-221x300.png 221w\" sizes=\"auto, (max-width: 632px) 100vw, 632px\" \/>\n                      <div class=\"h-image__frame h-hide-lg h-hide-md h-hide-sm style-1992-frameImage style-local-2260-c7-frameImage\"><\/div>\n                    <\/div>\n                  <\/div>\n                <\/div>\n                <div data-colibri-id=\"2260-c8\" class=\"d-block style-1992 style-local-2260-c8 position-relative h-element\">\n                  <!---->\n                  <div class=\"h-image__frame-container-outer\">\n                    <div class=\"h-image__frame-container\">\n                      <!---->\n                      <!---->\n                      <img loading=\"lazy\" decoding=\"async\" width=\"630\" height=\"842\" src=\"https:\/\/www.hoeco.fr\/wp-content\/uploads\/2023\/07\/DCAO_CRECHE-6.png\" class=\"wp-image-1542 style-1992-image style-local-2260-c8-image\" alt=\"\" srcset=\"https:\/\/www.hoeco.fr\/wp-content\/uploads\/2023\/07\/DCAO_CRECHE-6.png 630w, https:\/\/www.hoeco.fr\/wp-content\/uploads\/2023\/07\/DCAO_CRECHE-6-224x300.png 224w\" sizes=\"auto, (max-width: 630px) 100vw, 630px\" \/>\n                      <div class=\"h-image__frame h-hide-lg h-hide-md h-hide-sm style-1992-frameImage style-local-2260-c8-frameImage\"><\/div>\n                    <\/div>\n                  <\/div>\n                <\/div>\n                <div data-colibri-id=\"2260-c14\" class=\"d-block style-1992 style-local-2260-c14 position-relative h-element\">\n                  <!---->\n                  <div class=\"h-image__frame-container-outer\">\n                    <div class=\"h-image__frame-container\">\n                      <!---->\n                      <!---->\n                      <img loading=\"lazy\" decoding=\"async\" width=\"630\" height=\"454\" src=\"https:\/\/www.hoeco.fr\/wp-content\/uploads\/2023\/07\/DCAO_CRECHE-7.png\" class=\"wp-image-1543 style-1992-image style-local-2260-c14-image\" alt=\"\" srcset=\"https:\/\/www.hoeco.fr\/wp-content\/uploads\/2023\/07\/DCAO_CRECHE-7.png 630w, https:\/\/www.hoeco.fr\/wp-content\/uploads\/2023\/07\/DCAO_CRECHE-7-300x216.png 300w\" sizes=\"auto, (max-width: 630px) 100vw, 630px\" \/>\n                      <div class=\"h-image__frame h-hide-lg h-hide-md h-hide-sm style-1992-frameImage style-local-2260-c14-frameImage\"><\/div>\n                    <\/div>\n                  <\/div>\n                <\/div>\n              <\/div>\n            <\/div>\n          <\/div>\n          <div class=\"h-column h-column-container d-flex h-col-lg-auto h-col-md-auto h-col-auto style-1993-outer style-local-2260-c9-outer\">\n            <div data-colibri-id=\"2260-c9\" class=\"d-flex h-flex-basis h-column__inner h-px-lg-2 h-px-md-2 h-px-2 v-inner-lg-2 v-inner-md-2 v-inner-2 style-1993 style-local-2260-c9 position-relative\">\n              <!---->\n              <!---->\n              <div class=\"w-100 h-y-container h-column__content h-column__v-align flex-basis-100 align-self-lg-start align-self-md-start align-self-start\">\n                <!---->\n                <div data-colibri-id=\"2260-c10\" class=\"h-global-transition-all h-heading style-1994 style-local-2260-c10 position-relative h-element\">\n                  <!---->\n                  <div class=\"h-heading__outer style-1994 style-local-2260-c10\">\n                    <!---->\n                    <!---->\n                    <h4 class=\"\">Cr\u00e8che des P&rsquo;tits Dr\u00f4les &#8211; Ile de R\u00e9 (17)<\/h4>\n                  <\/div>\n                <\/div>\n                <div data-colibri-id=\"2260-c11\" class=\"h-text h-text-component style-1995 style-local-2260-c11 position-relative h-element\">\n                  <!---->\n                  <!---->\n                  <div class=\"\">\n                    <p>Inspir\u00e9e des cabanes ostr\u00e9icoles des c\u00f4tes charentaises, nous proposons une juxtaposition de 8 cabanes rev\u00eatues de badges bois peint en fa\u00e7ade.<\/p>\n                  <\/div>\n                <\/div>\n                <div data-colibri-id=\"2260-c12\" class=\"h-text h-text-component style-1996 style-local-2260-c12 position-relative h-element\">\n                  <!---->\n                  <!---->\n                  <div class=\"\">\n                    <p><strong style=\"font-weight: 700;\">Ma\u00eetre d&rsquo;ouvrage<\/strong><\/p>\n                    <p><span style=\"font-weight: 400; font-size: 12.000001px; font-family: &quot;Open Sans&quot;; color: rgb(247, 144, 7);\">Communaut\u00e9 d\u2019Agglom\u00e9ration de l\u2019\u00cele de R\u00e9<\/span><\/p>\n                    <p><strong style=\"font-weight: 700;\">Con\u00e7u par<\/strong><\/p>\n                    <p><span style=\"font-weight: 400; font-size: 12.000001px; font-family: &quot;Open Sans&quot;; color: rgb(247, 144, 7);\">Karine PETIT (Du C\u0153ur \u00c0 l\u2019Ouvrage)<\/span><\/p>\n                  <\/div>\n                <\/div>\n                <div data-colibri-id=\"2260-c13\" class=\"h-text h-text-component style-1997 style-local-2260-c13 position-relative h-element\">\n                  <!---->\n                  <!---->\n                  <div class=\"\">\n                    <p><strong style=\"font-weight: 700;\">Les \u00e9quipes&nbsp;<\/strong>\n                      <br><span style=\"font-weight: 400; font-size: 11px; font-family: &quot;Open Sans&quot;; color: rgb(0, 0, 0);\">T&amp;E INGENIERIE (Fluides)<br>Yves Marie LIGOT (Bois)<br>BUCHET<br>INFRA ATLANTIC<br>ACOUSTEX (Fran\u00e7ois BONNEFOUS)<\/span>\n                      <span\n                        style=\"font-weight: 400;\">\n                        <br>\n                        <\/span>\n                    <\/p>\n                    <p><strong style=\"font-weight: 700;\">Missions r\u00e9alis\u00e9es par HOECO<\/strong>\n                      <br>\u00c9conomie de la construction, DET Partiel, OPC<\/p>\n                    <p><strong style=\"font-weight: 700;\">Montant des travaux<\/strong>\n                      <br>1.000.000\u20ac HT<\/p>\n                    <p><strong style=\"font-weight: 700;\">Surface<\/strong>\n                      <br>350m\n                      <sup>2<\/sup>\n                    <\/p>\n                    <p><strong style=\"font-weight: 700;\">Quand?<\/strong>\n                      <br>Livr\u00e9e en Mars 2017<\/p>\n                  <\/div>\n                <\/div>\n              <\/div>\n            <\/div>\n          <\/div>\n        <\/div>\n      <\/div>\n    <\/div>\n  <\/div>\n<\/div>","protected":false},"excerpt":{"rendered":"<p>Cr\u00e8che des P&rsquo;tits Dr\u00f4les &#8211; Ile de R\u00e9 (17) Inspir\u00e9e des cabanes ostr\u00e9icoles des c\u00f4tes charentaises, nous proposons une juxtaposition de 8 cabanes rev\u00eatues de badges bois peint en fa\u00e7ade. Ma\u00eetre d&rsquo;ouvrage Communaut\u00e9 d\u2019Agglom\u00e9ration de l\u2019\u00cele de R\u00e9 Con\u00e7u par Karine PETIT (Du C\u0153ur \u00c0 l\u2019Ouvrage) Les \u00e9quipes&nbsp; T&amp;E INGENIERIE (Fluides)Yves Marie LIGOT (Bois)BUCHETINFRA ATLANTICACOUSTEX [&hellip;]<\/p>\n","protected":false},"author":1,"featured_media":0,"parent":0,"menu_order":0,"comment_status":"closed","ping_status":"closed","template":"page-templates\/full-width-page.php","meta":{"footnotes":""},"class_list":["post-2260","page","type-page","status-publish","hentry"],"_links":{"self":[{"href":"https:\/\/www.hoeco.fr\/index.php?rest_route=\/wp\/v2\/pages\/2260","targetHints":{"allow":["GET"]}}],"collection":[{"href":"https:\/\/www.hoeco.fr\/index.php?rest_route=\/wp\/v2\/pages"}],"about":[{"href":"https:\/\/www.hoeco.fr\/index.php?rest_route=\/wp\/v2\/types\/page"}],"author":[{"embeddable":true,"href":"https:\/\/www.hoeco.fr\/index.php?rest_route=\/wp\/v2\/users\/1"}],"replies":[{"embeddable":true,"href":"https:\/\/www.hoeco.fr\/index.php?rest_route=%2Fwp%2Fv2%2Fcomments&post=2260"}],"version-history":[{"count":2,"href":"https:\/\/www.hoeco.fr\/index.php?rest_route=\/wp\/v2\/pages\/2260\/revisions"}],"predecessor-version":[{"id":2476,"href":"https:\/\/www.hoeco.fr\/index.php?rest_route=\/wp\/v2\/pages\/2260\/revisions\/2476"}],"wp:attachment":[{"href":"https:\/\/www.hoeco.fr\/index.php?rest_route=%2Fwp%2Fv2%2Fmedia&parent=2260"}],"curies":[{"name":"wp","href":"https:\/\/api.w.org\/{rel}","templated":true}]}}