{"id":2250,"date":"2025-01-15T11:41:49","date_gmt":"2025-01-15T10:41:49","guid":{"rendered":"https:\/\/www.hoeco.fr\/?page_id=2250"},"modified":"2025-01-16T08:23:51","modified_gmt":"2025-01-16T07:23:51","slug":"10-logements-paris","status":"publish","type":"page","link":"https:\/\/www.hoeco.fr\/?page_id=2250","title":{"rendered":"10 LOGEMENTS &#8211; PARIS"},"content":{"rendered":"<div data-colibri-id=\"2250-c1\" class=\"style-1898 style-local-2250-c1 position-relative\">\n  <!---->\n  <div data-colibri-component=\"section\" data-colibri-id=\"2250-c2\" id=\"reusable-sections\" class=\"h-section h-section-global-spacing d-flex align-items-lg-center align-items-md-center align-items-center style-1899 style-local-2250-c2 position-relative\">\n    <!---->\n    <!---->\n    <div class=\"h-section-grid-container h-section-fluid-container\">\n      <!---->\n      <div data-colibri-id=\"2250-c3\" class=\"h-row-container gutters-row-lg-0 gutters-row-md-0 gutters-row-0 gutters-row-v-lg-0 gutters-row-v-md-0 gutters-row-v-0 style-1900 style-local-2250-c3 position-relative\">\n        <!---->\n        <div class=\"h-row justify-content-lg-center justify-content-md-center justify-content-center align-items-lg-stretch align-items-md-stretch align-items-stretch gutters-col-lg-0 gutters-col-md-0 gutters-col-0 gutters-col-v-lg-0 gutters-col-v-md-0 gutters-col-v-0\">\n          <!---->\n          <div class=\"h-column h-column-container d-flex h-col-lg-auto h-col-md-auto h-col-auto style-1901-outer style-local-2250-c4-outer\">\n            <div data-colibri-id=\"2250-c4\" class=\"d-flex h-flex-basis h-column__inner h-px-lg-2 h-px-md-2 h-px-2 v-inner-lg-2 v-inner-md-2 v-inner-2 style-1901 style-local-2250-c4 position-relative\">\n              <!---->\n              <!---->\n              <div class=\"w-100 h-y-container h-column__content h-column__v-align flex-basis-100 align-self-lg-start align-self-md-start align-self-start\">\n                <!---->\n                <div data-colibri-id=\"2250-c5\" class=\"d-block style-1902 style-local-2250-c5 position-relative h-element\">\n                  <!---->\n                  <div class=\"h-image__frame-container-outer\">\n                    <div class=\"h-image__frame-container\">\n                      <!---->\n                      <!---->\n                      <img loading=\"lazy\" decoding=\"async\" width=\"860\" height=\"500\" src=\"https:\/\/www.hoeco.fr\/wp-content\/uploads\/2022\/09\/Capture-decran-2022-09-01-a-10.49.36.png\" class=\"wp-image-821 style-1902-image style-local-2250-c5-image\" alt=\"\" srcset=\"https:\/\/www.hoeco.fr\/wp-content\/uploads\/2022\/09\/Capture-decran-2022-09-01-a-10.49.36.png 860w, https:\/\/www.hoeco.fr\/wp-content\/uploads\/2022\/09\/Capture-decran-2022-09-01-a-10.49.36-300x174.png 300w, https:\/\/www.hoeco.fr\/wp-content\/uploads\/2022\/09\/Capture-decran-2022-09-01-a-10.49.36-768x447.png 768w\" sizes=\"auto, (max-width: 860px) 100vw, 860px\" \/>\n                      <div class=\"h-image__frame h-hide-lg h-hide-md h-hide-sm style-1902-frameImage style-local-2250-c5-frameImage\"><\/div>\n                    <\/div>\n                  <\/div>\n                <\/div>\n              <\/div>\n            <\/div>\n          <\/div>\n          <div class=\"h-column h-column-container d-flex h-col-lg-auto h-col-md-auto h-col-auto style-1904-outer style-local-2250-c9-outer\">\n            <div data-colibri-id=\"2250-c9\" class=\"d-flex h-flex-basis h-column__inner h-px-lg-2 h-px-md-2 h-px-2 v-inner-lg-2 v-inner-md-2 v-inner-2 style-1904 style-local-2250-c9 position-relative\">\n              <!---->\n              <!---->\n              <div class=\"w-100 h-y-container h-column__content h-column__v-align flex-basis-100 align-self-lg-start align-self-md-start align-self-start\">\n                <!---->\n                <div data-colibri-id=\"2250-c10\" class=\"h-global-transition-all h-heading style-1905 style-local-2250-c10 position-relative h-element\">\n                  <!---->\n                  <div class=\"h-heading__outer style-1905 style-local-2250-c10\">\n                    <!---->\n                    <!---->\n                    <h4 class=\"\">Construction de 10 Logements<\/h4>\n                  <\/div>\n                <\/div>\n                <div data-colibri-id=\"2250-c11\" class=\"h-text h-text-component style-1906 style-local-2250-c11 position-relative h-element\">\n                  <!---->\n                  <!---->\n                  <div class=\"\">\n                    <p>Construction de 10 logements dans le 15\u00e8me arrondissement de Paris<\/p>\n                  <\/div>\n                <\/div>\n                <div data-colibri-id=\"2250-c12\" class=\"h-text h-text-component style-1907 style-local-2250-c12 position-relative h-element\">\n                  <!---->\n                  <!---->\n                  <div class=\"\">\n                    <p><strong style=\"font-weight: 700;\">Ma\u00eetre d&rsquo;ouvrage<\/strong><\/p>\n                    <p>Blomet<\/p>\n                    <p><strong style=\"font-weight: 700;\">Con\u00e7u par<\/strong><\/p>\n                    <p><span style=\"font-weight: 400; font-size: 12.000001px; font-family: &quot;Open Sans&quot;; color: rgb(247, 144, 7);\">Bertrand NAUD (ABN Architectures) (Malakoff 92)<\/span>\n                      <br><span style=\"font-weight: 400; font-size: 12.000001px; font-family: &quot;Open Sans&quot;; color: rgb(247, 144, 7);\">Lili TALONY (architecte associ\u00e9e)<\/span><\/p>\n                  <\/div>\n                <\/div>\n                <div data-colibri-id=\"2250-c13\" class=\"h-text h-text-component style-1908 style-local-2250-c13 position-relative h-element\">\n                  <!---->\n                  <!---->\n                  <div class=\"\">\n                    <p><strong style=\"font-weight: 700;\">Les \u00e9quipes&nbsp;<\/strong>\n                      <br><span style=\"font-weight: 400; font-size: 11px; font-family: &quot;Open Sans&quot;; color: rgb(0, 0, 0);\">DES TETES ET DES MAINS (Structure)<br>C-TEK (Fluides)<\/span><span style=\"font-weight: 400;\"><br><\/span><\/p>\n                    <p><strong style=\"font-weight: 700;\">Missions r\u00e9alis\u00e9es par HOECO<\/strong>\n                      <br>\u00c9conomie de la construction<\/p>\n                    <p><strong style=\"font-weight: 700;\">Montant des travaux<\/strong>\n                      <br>2.058.000\u20ac HT<\/p>\n                    <p><strong style=\"font-weight: 700;\">Surface<\/strong>\n                      <br>708m\n                      <sup>2<\/sup>\n                    <\/p>\n                    <p><strong style=\"font-weight: 700;\">Quand?<\/strong>\n                      <br>Livr\u00e9s en Janvier 2023<\/p>\n                    <p><span style=\"font-weight: 600;\">Performance<\/span>\n                      <br>BBC Effinergie, Habitat &amp; Environnement, profil A, Plan climat \u00ab\u00a0Ville de Paris\u00a0\u00bb<\/p>\n                  <\/div>\n                <\/div>\n              <\/div>\n            <\/div>\n          <\/div>\n        <\/div>\n      <\/div>\n    <\/div>\n  <\/div>\n<\/div>","protected":false},"excerpt":{"rendered":"<p>Construction de 10 Logements Construction de 10 logements dans le 15\u00e8me arrondissement de Paris Ma\u00eetre d&rsquo;ouvrage Blomet Con\u00e7u par Bertrand NAUD (ABN Architectures) (Malakoff 92) Lili TALONY (architecte associ\u00e9e) Les \u00e9quipes&nbsp; DES TETES ET DES MAINS (Structure)C-TEK (Fluides) Missions r\u00e9alis\u00e9es par HOECO \u00c9conomie de la construction Montant des travaux 2.058.000\u20ac HT Surface 708m 2 Quand? [&hellip;]<\/p>\n","protected":false},"author":1,"featured_media":0,"parent":0,"menu_order":0,"comment_status":"closed","ping_status":"closed","template":"page-templates\/full-width-page.php","meta":{"footnotes":""},"class_list":["post-2250","page","type-page","status-publish","hentry"],"_links":{"self":[{"href":"https:\/\/www.hoeco.fr\/index.php?rest_route=\/wp\/v2\/pages\/2250","targetHints":{"allow":["GET"]}}],"collection":[{"href":"https:\/\/www.hoeco.fr\/index.php?rest_route=\/wp\/v2\/pages"}],"about":[{"href":"https:\/\/www.hoeco.fr\/index.php?rest_route=\/wp\/v2\/types\/page"}],"author":[{"embeddable":true,"href":"https:\/\/www.hoeco.fr\/index.php?rest_route=\/wp\/v2\/users\/1"}],"replies":[{"embeddable":true,"href":"https:\/\/www.hoeco.fr\/index.php?rest_route=%2Fwp%2Fv2%2Fcomments&post=2250"}],"version-history":[{"count":2,"href":"https:\/\/www.hoeco.fr\/index.php?rest_route=\/wp\/v2\/pages\/2250\/revisions"}],"predecessor-version":[{"id":2446,"href":"https:\/\/www.hoeco.fr\/index.php?rest_route=\/wp\/v2\/pages\/2250\/revisions\/2446"}],"wp:attachment":[{"href":"https:\/\/www.hoeco.fr\/index.php?rest_route=%2Fwp%2Fv2%2Fmedia&parent=2250"}],"curies":[{"name":"wp","href":"https:\/\/api.w.org\/{rel}","templated":true}]}}