{"id":2222,"date":"2025-01-14T17:35:23","date_gmt":"2025-01-14T16:35:23","guid":{"rendered":"https:\/\/www.hoeco.fr\/?page_id=2222"},"modified":"2025-01-16T08:23:40","modified_gmt":"2025-01-16T07:23:40","slug":"parc-animalier-et-botanique-de-branfere-abri-des-rhinoceros","status":"publish","type":"page","link":"https:\/\/www.hoeco.fr\/?page_id=2222","title":{"rendered":"PARC ANIMALIER ET BOTANIQUE DE BRANF\u00c9R\u00c9 &#8211; ABRI DES RHINOC\u00c9ROS"},"content":{"rendered":"<div data-colibri-id=\"2222-c1\" class=\"style-1693 style-local-2222-c1 position-relative\">\n  <!---->\n  <div data-colibri-component=\"section\" data-colibri-id=\"2222-c2\" id=\"reusable-sections\" class=\"h-section h-section-global-spacing d-flex align-items-lg-center align-items-md-center align-items-center style-1694 style-local-2222-c2 position-relative\">\n    <!---->\n    <!---->\n    <div class=\"h-section-grid-container h-section-fluid-container\">\n      <!---->\n      <div data-colibri-id=\"2222-c3\" class=\"h-row-container gutters-row-lg-0 gutters-row-md-0 gutters-row-0 gutters-row-v-lg-0 gutters-row-v-md-0 gutters-row-v-0 style-1695 style-local-2222-c3 position-relative\">\n        <!---->\n        <div class=\"h-row justify-content-lg-center justify-content-md-center justify-content-center align-items-lg-stretch align-items-md-stretch align-items-stretch gutters-col-lg-0 gutters-col-md-0 gutters-col-0 gutters-col-v-lg-0 gutters-col-v-md-0 gutters-col-v-0\">\n          <!---->\n          <div class=\"h-column h-column-container d-flex h-col-lg-auto h-col-md-auto h-col-auto style-1696-outer style-local-2222-c4-outer\">\n            <div data-colibri-id=\"2222-c4\" class=\"d-flex h-flex-basis h-column__inner h-px-lg-2 h-px-md-2 h-px-2 v-inner-lg-2 v-inner-md-2 v-inner-2 style-1696 style-local-2222-c4 position-relative\">\n              <!---->\n              <!---->\n              <div class=\"w-100 h-y-container h-column__content h-column__v-align flex-basis-100 align-self-lg-start align-self-md-start align-self-start\">\n                <!---->\n                <div data-colibri-id=\"2222-c5\" class=\"d-block style-1697 style-local-2222-c5 position-relative h-element\">\n                  <!---->\n                  <div class=\"h-image__frame-container-outer\">\n                    <div class=\"h-image__frame-container\">\n                      <!---->\n                      <!---->\n                      <img loading=\"lazy\" decoding=\"async\" width=\"1218\" height=\"688\" src=\"https:\/\/www.hoeco.fr\/wp-content\/uploads\/2022\/07\/Rhinoceros_1.png\" class=\"wp-image-392 style-1697-image style-local-2222-c5-image\" alt=\"\" srcset=\"https:\/\/www.hoeco.fr\/wp-content\/uploads\/2022\/07\/Rhinoceros_1.png 1218w, https:\/\/www.hoeco.fr\/wp-content\/uploads\/2022\/07\/Rhinoceros_1-300x169.png 300w, https:\/\/www.hoeco.fr\/wp-content\/uploads\/2022\/07\/Rhinoceros_1-1024x578.png 1024w, https:\/\/www.hoeco.fr\/wp-content\/uploads\/2022\/07\/Rhinoceros_1-768x434.png 768w\" sizes=\"auto, (max-width: 1218px) 100vw, 1218px\" \/>\n                      <div class=\"h-image__frame h-hide-lg h-hide-md h-hide-sm style-1697-frameImage style-local-2222-c5-frameImage\"><\/div>\n                    <\/div>\n                  <\/div>\n                <\/div>\n                <div data-colibri-id=\"2222-c6\" class=\"d-block style-1698 style-local-2222-c6 position-relative h-element\">\n                  <!---->\n                  <div class=\"h-image__frame-container-outer\">\n                    <div class=\"h-image__frame-container\">\n                      <!---->\n                      <!---->\n                      <img loading=\"lazy\" decoding=\"async\" width=\"1218\" height=\"688\" src=\"https:\/\/www.hoeco.fr\/wp-content\/uploads\/2022\/07\/Rhinoceros_2.png\" class=\"wp-image-393 style-1698-image style-local-2222-c6-image\" alt=\"\" srcset=\"https:\/\/www.hoeco.fr\/wp-content\/uploads\/2022\/07\/Rhinoceros_2.png 1218w, https:\/\/www.hoeco.fr\/wp-content\/uploads\/2022\/07\/Rhinoceros_2-300x169.png 300w, https:\/\/www.hoeco.fr\/wp-content\/uploads\/2022\/07\/Rhinoceros_2-1024x578.png 1024w, https:\/\/www.hoeco.fr\/wp-content\/uploads\/2022\/07\/Rhinoceros_2-768x434.png 768w\" sizes=\"auto, (max-width: 1218px) 100vw, 1218px\" \/>\n                      <div class=\"h-image__frame h-hide-lg h-hide-md h-hide-sm style-1698-frameImage style-local-2222-c6-frameImage\"><\/div>\n                    <\/div>\n                  <\/div>\n                <\/div>\n                <div data-colibri-id=\"2222-c7\" class=\"d-block style-1698 style-local-2222-c7 position-relative h-element\">\n                  <!---->\n                  <div class=\"h-image__frame-container-outer\">\n                    <div class=\"h-image__frame-container\">\n                      <!---->\n                      <!---->\n                      <img loading=\"lazy\" decoding=\"async\" width=\"1218\" height=\"814\" src=\"https:\/\/www.hoeco.fr\/wp-content\/uploads\/2022\/07\/Rhinoceros_3.png\" class=\"wp-image-394 style-1698-image style-local-2222-c7-image\" alt=\"\" srcset=\"https:\/\/www.hoeco.fr\/wp-content\/uploads\/2022\/07\/Rhinoceros_3.png 1218w, https:\/\/www.hoeco.fr\/wp-content\/uploads\/2022\/07\/Rhinoceros_3-300x200.png 300w, https:\/\/www.hoeco.fr\/wp-content\/uploads\/2022\/07\/Rhinoceros_3-1024x684.png 1024w, https:\/\/www.hoeco.fr\/wp-content\/uploads\/2022\/07\/Rhinoceros_3-768x513.png 768w\" sizes=\"auto, (max-width: 1218px) 100vw, 1218px\" \/>\n                      <div class=\"h-image__frame h-hide-lg h-hide-md h-hide-sm style-1698-frameImage style-local-2222-c7-frameImage\"><\/div>\n                    <\/div>\n                  <\/div>\n                <\/div>\n                <div data-colibri-id=\"2222-c8\" class=\"d-block style-1698 style-local-2222-c8 position-relative h-element\">\n                  <!---->\n                  <div class=\"h-image__frame-container-outer\">\n                    <div class=\"h-image__frame-container\">\n                      <!---->\n                      <!---->\n                      <img loading=\"lazy\" decoding=\"async\" width=\"1218\" height=\"814\" src=\"https:\/\/www.hoeco.fr\/wp-content\/uploads\/2022\/07\/Rhinoceros_4.png\" class=\"wp-image-395 style-1698-image style-local-2222-c8-image\" alt=\"\" srcset=\"https:\/\/www.hoeco.fr\/wp-content\/uploads\/2022\/07\/Rhinoceros_4.png 1218w, https:\/\/www.hoeco.fr\/wp-content\/uploads\/2022\/07\/Rhinoceros_4-300x200.png 300w, https:\/\/www.hoeco.fr\/wp-content\/uploads\/2022\/07\/Rhinoceros_4-1024x684.png 1024w, https:\/\/www.hoeco.fr\/wp-content\/uploads\/2022\/07\/Rhinoceros_4-768x513.png 768w\" sizes=\"auto, (max-width: 1218px) 100vw, 1218px\" \/>\n                      <div class=\"h-image__frame h-hide-lg h-hide-md h-hide-sm style-1698-frameImage style-local-2222-c8-frameImage\"><\/div>\n                    <\/div>\n                  <\/div>\n                <\/div>\n              <\/div>\n            <\/div>\n          <\/div>\n          <div class=\"h-column h-column-container d-flex h-col-lg-auto h-col-md-auto h-col-auto style-1699-outer style-local-2222-c9-outer\">\n            <div data-colibri-id=\"2222-c9\" class=\"d-flex h-flex-basis h-column__inner h-px-lg-2 h-px-md-2 h-px-2 v-inner-lg-2 v-inner-md-2 v-inner-2 style-1699 style-local-2222-c9 position-relative\">\n              <!---->\n              <!---->\n              <div class=\"w-100 h-y-container h-column__content h-column__v-align flex-basis-100 align-self-lg-start align-self-md-start align-self-start\">\n                <!---->\n                <div data-colibri-id=\"2222-c10\" class=\"h-global-transition-all h-heading style-1700 style-local-2222-c10 position-relative h-element\">\n                  <!---->\n                  <div class=\"h-heading__outer style-1700 style-local-2222-c10\">\n                    <!---->\n                    <!---->\n                    <h4 class=\"\">Abri des rhinoc\u00e9ros<\/h4>\n                  <\/div>\n                <\/div>\n                <div data-colibri-id=\"2222-c11\" class=\"h-text h-text-component style-1701 style-local-2222-c11 position-relative h-element\">\n                  <!---->\n                  <!---->\n                  <div class=\"\">\n                    <p>Construction de l&rsquo;abri des rhinoc\u00e9ros du Parc Animalier et Botanique du Branf\u00e9r\u00e9<\/p>\n                  <\/div>\n                <\/div>\n                <div data-colibri-id=\"2222-c12\" class=\"h-text h-text-component style-1702 style-local-2222-c12 position-relative h-element\">\n                  <!---->\n                  <!---->\n                  <div class=\"\">\n                    <p><strong style=\"font-weight: 700;\">Ma\u00eetre d&rsquo;ouvrage<\/strong><\/p>\n                    <p><span style=\"color: rgb(247, 144, 7); font-family: &quot;Open Sans&quot;; font-size: 12.000001px; font-weight: 400;\">La Fondation de France<\/span><\/p>\n                    <p><strong style=\"font-weight: 700;\">Con\u00e7u par<\/strong><\/p>\n                    <p>Lo\u00efc JULIENNE (Construire)<span style=\"color: rgb(247, 144, 7); font-family: &quot;Open Sans&quot;; font-size: 12.000001px; font-weight: 400;\"><br>Patrick BOUCHAIN<\/span>\n                      <br><span style=\"color: rgb(247, 144, 7); font-family: &quot;Open Sans&quot;; font-size: 12.000001px; font-weight: 400;\">S\u00e9bastien EYMARD<\/span><\/p>\n                  <\/div>\n                <\/div>\n                <div data-colibri-id=\"2222-c13\" class=\"h-text h-text-component style-1703 style-local-2222-c13 position-relative h-element\">\n                  <!---->\n                  <!---->\n                  <div class=\"\">\n                    <p><strong style=\"font-weight: 700;\">Les \u00e9quipes&nbsp;<\/strong>\n                      <br><span style=\"font-size: 11px; font-family: &quot;Open Sans&quot;; font-weight: 400;\">Benoit<\/span><span style=\"font-weight: 400; font-size: 11px; font-family: &quot;Open Sans&quot;; color: rgb(0, 0, 0);\"> MORIN (Architecte)<br>RACINE (Bois)<br>T&amp;E&nbsp;INGENIERIE (Fluides)<br>LECOZ (Gros \u0153uvre)<br>ETAMINE (HQE)<br>BEGC (Cuisine)<br>SODEREF (VRD)<\/span>\n                      <span\n                        style=\"font-weight: 400;\">\n                        <br>\n                        <\/span>\n                    <\/p>\n                    <p><strong style=\"font-weight: 700;\">Missions r\u00e9alis\u00e9es par HOECO<\/strong>\n                      <br>\u00c9conomie de la construction, DET Partiel, OPC<\/p>\n                    <p><strong style=\"font-weight: 700;\">Montant des travaux<\/strong>\n                      <br>3.000.000\u20ac HT<\/p>\n                    <p><strong style=\"font-weight: 700;\">Surface<\/strong>\n                      <br>3.000m\n                      <sup>2<\/sup>\n                    <\/p>\n                    <p><strong style=\"font-weight: 700;\">Quand?<\/strong>\n                      <br>Livr\u00e9 en Octobre 2014<\/p>\n                    <p><span style=\"font-weight: 600;\">Performance<\/span>\n                      <br>HQH<\/p>\n                  <\/div>\n                <\/div>\n              <\/div>\n            <\/div>\n          <\/div>\n        <\/div>\n      <\/div>\n    <\/div>\n  <\/div>\n<\/div>","protected":false},"excerpt":{"rendered":"<p>Abri des rhinoc\u00e9ros Construction de l&rsquo;abri des rhinoc\u00e9ros du Parc Animalier et Botanique du Branf\u00e9r\u00e9 Ma\u00eetre d&rsquo;ouvrage La Fondation de France Con\u00e7u par Lo\u00efc JULIENNE (Construire)Patrick BOUCHAIN S\u00e9bastien EYMARD Les \u00e9quipes&nbsp; Benoit MORIN (Architecte)RACINE (Bois)T&amp;E&nbsp;INGENIERIE (Fluides)LECOZ (Gros \u0153uvre)ETAMINE (HQE)BEGC (Cuisine)SODEREF (VRD) Missions r\u00e9alis\u00e9es par HOECO \u00c9conomie de la construction, DET Partiel, OPC Montant des travaux [&hellip;]<\/p>\n","protected":false},"author":1,"featured_media":0,"parent":0,"menu_order":0,"comment_status":"closed","ping_status":"closed","template":"page-templates\/full-width-page.php","meta":{"footnotes":""},"class_list":["post-2222","page","type-page","status-publish","hentry"],"_links":{"self":[{"href":"https:\/\/www.hoeco.fr\/index.php?rest_route=\/wp\/v2\/pages\/2222","targetHints":{"allow":["GET"]}}],"collection":[{"href":"https:\/\/www.hoeco.fr\/index.php?rest_route=\/wp\/v2\/pages"}],"about":[{"href":"https:\/\/www.hoeco.fr\/index.php?rest_route=\/wp\/v2\/types\/page"}],"author":[{"embeddable":true,"href":"https:\/\/www.hoeco.fr\/index.php?rest_route=\/wp\/v2\/users\/1"}],"replies":[{"embeddable":true,"href":"https:\/\/www.hoeco.fr\/index.php?rest_route=%2Fwp%2Fv2%2Fcomments&post=2222"}],"version-history":[{"count":2,"href":"https:\/\/www.hoeco.fr\/index.php?rest_route=\/wp\/v2\/pages\/2222\/revisions"}],"predecessor-version":[{"id":2377,"href":"https:\/\/www.hoeco.fr\/index.php?rest_route=\/wp\/v2\/pages\/2222\/revisions\/2377"}],"wp:attachment":[{"href":"https:\/\/www.hoeco.fr\/index.php?rest_route=%2Fwp%2Fv2%2Fmedia&parent=2222"}],"curies":[{"name":"wp","href":"https:\/\/api.w.org\/{rel}","templated":true}]}}