{"id":2213,"date":"2025-01-14T11:27:15","date_gmt":"2025-01-14T10:27:15","guid":{"rendered":"https:\/\/www.hoeco.fr\/?page_id=2213"},"modified":"2025-01-21T08:59:11","modified_gmt":"2025-01-21T07:59:11","slug":"le-confort-moderne-salle-de-musiques-actuelles","status":"publish","type":"page","link":"https:\/\/www.hoeco.fr\/?page_id=2213","title":{"rendered":"LE CONFORT MODERNE, SALLE DE MUSIQUES ACTUELLES"},"content":{"rendered":"<div data-colibri-id=\"2213-c1\" class=\"style-1643 style-local-2213-c1 position-relative\">\n  <!---->\n  <div data-colibri-component=\"section\" data-colibri-id=\"2213-c2\" id=\"reusable-sections\" class=\"h-section h-section-global-spacing d-flex align-items-lg-center align-items-md-center align-items-center style-1644 style-local-2213-c2 position-relative\">\n    <!---->\n    <!---->\n    <div class=\"h-section-grid-container h-section-fluid-container\">\n      <!---->\n      <div data-colibri-id=\"2213-c3\" class=\"h-row-container gutters-row-lg-0 gutters-row-md-0 gutters-row-0 gutters-row-v-lg-0 gutters-row-v-md-0 gutters-row-v-0 style-1645 style-local-2213-c3 position-relative\">\n        <!---->\n        <div class=\"h-row justify-content-lg-center justify-content-md-center justify-content-center align-items-lg-stretch align-items-md-stretch align-items-stretch gutters-col-lg-0 gutters-col-md-0 gutters-col-0 gutters-col-v-lg-0 gutters-col-v-md-0 gutters-col-v-0\">\n          <!---->\n          <div class=\"h-column h-column-container d-flex h-col-lg-auto h-col-md-auto h-col-auto style-1646-outer style-local-2213-c4-outer\">\n            <div data-colibri-id=\"2213-c4\" class=\"d-flex h-flex-basis h-column__inner h-px-lg-2 h-px-md-2 h-px-2 v-inner-lg-2 v-inner-md-2 v-inner-2 style-1646 style-local-2213-c4 position-relative\">\n              <!---->\n              <!---->\n              <div class=\"w-100 h-y-container h-column__content h-column__v-align flex-basis-100 align-self-lg-start align-self-md-start align-self-start\">\n                <!---->\n                <div data-colibri-id=\"2213-c5\" class=\"d-block style-1647 style-local-2213-c5 position-relative h-element\">\n                  <!---->\n                  <div class=\"h-image__frame-container-outer\">\n                    <div class=\"h-image__frame-container\">\n                      <!---->\n                      <!---->\n                      <img loading=\"lazy\" decoding=\"async\" width=\"782\" height=\"520\" src=\"https:\/\/www.hoeco.fr\/wp-content\/uploads\/2022\/07\/CONSTRUIRE_CONFORT-MODERNE-4.png\" class=\"wp-image-330 style-1647-image style-local-2213-c5-image\" alt=\"\" srcset=\"https:\/\/www.hoeco.fr\/wp-content\/uploads\/2022\/07\/CONSTRUIRE_CONFORT-MODERNE-4.png 782w, https:\/\/www.hoeco.fr\/wp-content\/uploads\/2022\/07\/CONSTRUIRE_CONFORT-MODERNE-4-300x199.png 300w, https:\/\/www.hoeco.fr\/wp-content\/uploads\/2022\/07\/CONSTRUIRE_CONFORT-MODERNE-4-768x511.png 768w\" sizes=\"auto, (max-width: 782px) 100vw, 782px\" \/>\n                      <div class=\"h-image__frame h-hide-lg h-hide-md h-hide-sm style-1647-frameImage style-local-2213-c5-frameImage\"><\/div>\n                    <\/div>\n                  <\/div>\n                <\/div>\n                <div data-colibri-id=\"2213-c6\" class=\"d-block style-1648 style-local-2213-c6 position-relative h-element\">\n                  <!---->\n                  <div class=\"h-image__frame-container-outer\">\n                    <div class=\"h-image__frame-container\">\n                      <!---->\n                      <!---->\n                      <img loading=\"lazy\" decoding=\"async\" width=\"782\" height=\"520\" src=\"https:\/\/www.hoeco.fr\/wp-content\/uploads\/2022\/07\/CONSTRUIRE_CONFORT-MODERNE-2.png\" class=\"wp-image-328 style-1648-image style-local-2213-c6-image\" alt=\"\" srcset=\"https:\/\/www.hoeco.fr\/wp-content\/uploads\/2022\/07\/CONSTRUIRE_CONFORT-MODERNE-2.png 782w, https:\/\/www.hoeco.fr\/wp-content\/uploads\/2022\/07\/CONSTRUIRE_CONFORT-MODERNE-2-300x199.png 300w, https:\/\/www.hoeco.fr\/wp-content\/uploads\/2022\/07\/CONSTRUIRE_CONFORT-MODERNE-2-768x511.png 768w\" sizes=\"auto, (max-width: 782px) 100vw, 782px\" \/>\n                      <div class=\"h-image__frame h-hide-lg h-hide-md h-hide-sm style-1648-frameImage style-local-2213-c6-frameImage\"><\/div>\n                    <\/div>\n                  <\/div>\n                <\/div>\n                <div data-colibri-id=\"2213-c7\" class=\"d-block style-1648 style-local-2213-c7 position-relative h-element\">\n                  <!---->\n                  <div class=\"h-image__frame-container-outer\">\n                    <div class=\"h-image__frame-container\">\n                      <!---->\n                      <!---->\n                      <img loading=\"lazy\" decoding=\"async\" width=\"782\" height=\"520\" src=\"https:\/\/www.hoeco.fr\/wp-content\/uploads\/2022\/07\/CONSTRUIRE_CONFORT-MODERNE-3.png\" class=\"wp-image-329 style-1648-image style-local-2213-c7-image\" alt=\"\" srcset=\"https:\/\/www.hoeco.fr\/wp-content\/uploads\/2022\/07\/CONSTRUIRE_CONFORT-MODERNE-3.png 782w, https:\/\/www.hoeco.fr\/wp-content\/uploads\/2022\/07\/CONSTRUIRE_CONFORT-MODERNE-3-300x199.png 300w, https:\/\/www.hoeco.fr\/wp-content\/uploads\/2022\/07\/CONSTRUIRE_CONFORT-MODERNE-3-768x511.png 768w\" sizes=\"auto, (max-width: 782px) 100vw, 782px\" \/>\n                      <div class=\"h-image__frame h-hide-lg h-hide-md h-hide-sm style-1648-frameImage style-local-2213-c7-frameImage\"><\/div>\n                    <\/div>\n                  <\/div>\n                <\/div>\n                <div data-colibri-id=\"2213-c8\" class=\"d-block style-1648 style-local-2213-c8 position-relative h-element\">\n                  <!---->\n                  <div class=\"h-image__frame-container-outer\">\n                    <div class=\"h-image__frame-container\">\n                      <!---->\n                      <!---->\n                      <img loading=\"lazy\" decoding=\"async\" width=\"782\" height=\"520\" src=\"https:\/\/www.hoeco.fr\/wp-content\/uploads\/2022\/07\/CONSTRUIRE_CONFORT-MODERNE-1.png\" class=\"wp-image-327 style-1648-image style-local-2213-c8-image\" alt=\"\" srcset=\"https:\/\/www.hoeco.fr\/wp-content\/uploads\/2022\/07\/CONSTRUIRE_CONFORT-MODERNE-1.png 782w, https:\/\/www.hoeco.fr\/wp-content\/uploads\/2022\/07\/CONSTRUIRE_CONFORT-MODERNE-1-300x199.png 300w, https:\/\/www.hoeco.fr\/wp-content\/uploads\/2022\/07\/CONSTRUIRE_CONFORT-MODERNE-1-768x511.png 768w\" sizes=\"auto, (max-width: 782px) 100vw, 782px\" \/>\n                      <div class=\"h-image__frame h-hide-lg h-hide-md h-hide-sm style-1648-frameImage style-local-2213-c8-frameImage\"><\/div>\n                    <\/div>\n                  <\/div>\n                <\/div>\n              <\/div>\n            <\/div>\n          <\/div>\n          <div class=\"h-column h-column-container d-flex h-col-lg-auto h-col-md-auto h-col-auto style-1649-outer style-local-2213-c9-outer\">\n            <div data-colibri-id=\"2213-c9\" class=\"d-flex h-flex-basis h-column__inner h-px-lg-2 h-px-md-2 h-px-2 v-inner-lg-2 v-inner-md-2 v-inner-2 style-1649 style-local-2213-c9 position-relative\">\n              <!---->\n              <!---->\n              <div class=\"w-100 h-y-container h-column__content h-column__v-align flex-basis-100 align-self-lg-start align-self-md-start align-self-start\">\n                <!---->\n                <div data-colibri-id=\"2213-c10\" class=\"h-global-transition-all h-heading style-1650 style-local-2213-c10 position-relative h-element\">\n                  <!---->\n                  <div class=\"h-heading__outer style-1650 style-local-2213-c10\">\n                    <!---->\n                    <!---->\n                    <h4 class=\"\">Le Confort Moderne<\/h4>\n                  <\/div>\n                <\/div>\n                <div data-colibri-id=\"2213-c11\" class=\"h-text h-text-component style-1651 style-local-2213-c11 position-relative h-element\">\n                  <!---->\n                  <!---->\n                  <div class=\"\">\n                    <p>R\u00e9habilitation de la salle de spectacle \u00ab\u00a0Confort Moderne\u00a0\u00bb, \u00e0 Poitiers<\/p>\n                  <\/div>\n                <\/div>\n                <div data-colibri-id=\"2213-c12\" class=\"h-text h-text-component style-1652 style-local-2213-c12 position-relative h-element\">\n                  <!---->\n                  <!---->\n                  <div class=\"\">\n                    <p><strong style=\"font-weight: 700;\">Ma\u00eetre d&rsquo;ouvrage<\/strong><\/p>\n                    <p><span style=\"color: rgb(247, 144, 7); font-family: &quot;Open Sans&quot;; font-size: 12.000001px; font-weight: 400;\">Ville de Poitiers (Alain FONTAINE)<\/span><\/p>\n                    <p><strong style=\"font-weight: 700;\">Con\u00e7u par<\/strong><\/p>\n                    <p><span style=\"color: rgb(247, 144, 7); font-family: &quot;Open Sans&quot;; font-size: 12.000001px; font-weight: 400;\">Nicole CONCORDET (Construire)<br><\/span><\/p>\n                  <\/div>\n                <\/div>\n                <div data-colibri-id=\"2213-c13\" class=\"h-text h-text-component style-1653 style-local-2213-c13 position-relative h-element\">\n                  <!---->\n                  <!---->\n                  <div class=\"\">\n                    <p><strong style=\"font-weight: 700;\">Les \u00e9quipes&nbsp;<\/strong>\n                      <br>Yann CHEVALIER (CONFORT MODERN)\n                      <br>JM POUVREAU (Climat conseil)\n                      <br>ECE (Didier RAFFENEAU)\n                      <br>Guillaume POUZET (VRD Abscisse)\n                      <br>CESMA (Marius STANIK)\n                      <br>ETBA (Marc THOMAS)\n                      <br>ACOUSTEX (Acoustique)\n                      <br>Yves Marie LIGOT (Bois)<span style=\"font-weight: 400;\"><br><\/span><\/p>\n                    <p><strong style=\"font-weight: 700;\">Missions r\u00e9alis\u00e9es par HOECO<\/strong>\n                      <br>\u00c9conomie de la construction, DET Partiel, OPC<\/p>\n                    <p><strong style=\"font-weight: 700;\">Montant des travaux<\/strong>\n                      <br>5.053.000\u20ac HT<\/p>\n                    <p><strong style=\"font-weight: 700;\">Surface<\/strong>\n                      <br>2.862m\n                      <sup>2<\/sup>\n                    <\/p>\n                    <p><strong style=\"font-weight: 700;\">Quand?<\/strong>\n                      <br>Livr\u00e9 en 2017<\/p>\n                    <p><span style=\"font-weight: 600;\">Performance<\/span>\n                      <br>HQH, RT2012, HQE 14 cibles<\/p>\n                  <\/div>\n                <\/div>\n              <\/div>\n            <\/div>\n          <\/div>\n        <\/div>\n      <\/div>\n    <\/div>\n  <\/div>\n<\/div>","protected":false},"excerpt":{"rendered":"<p>Le Confort Moderne R\u00e9habilitation de la salle de spectacle \u00ab\u00a0Confort Moderne\u00a0\u00bb, \u00e0 Poitiers Ma\u00eetre d&rsquo;ouvrage Ville de Poitiers (Alain FONTAINE) Con\u00e7u par Nicole CONCORDET (Construire) Les \u00e9quipes&nbsp; Yann CHEVALIER (CONFORT MODERN) JM POUVREAU (Climat conseil) ECE (Didier RAFFENEAU) Guillaume POUZET (VRD Abscisse) CESMA (Marius STANIK) ETBA (Marc THOMAS) ACOUSTEX (Acoustique) Yves Marie LIGOT (Bois) Missions [&hellip;]<\/p>\n","protected":false},"author":1,"featured_media":0,"parent":0,"menu_order":0,"comment_status":"closed","ping_status":"closed","template":"page-templates\/full-width-page.php","meta":{"footnotes":""},"class_list":["post-2213","page","type-page","status-publish","hentry"],"_links":{"self":[{"href":"https:\/\/www.hoeco.fr\/index.php?rest_route=\/wp\/v2\/pages\/2213","targetHints":{"allow":["GET"]}}],"collection":[{"href":"https:\/\/www.hoeco.fr\/index.php?rest_route=\/wp\/v2\/pages"}],"about":[{"href":"https:\/\/www.hoeco.fr\/index.php?rest_route=\/wp\/v2\/types\/page"}],"author":[{"embeddable":true,"href":"https:\/\/www.hoeco.fr\/index.php?rest_route=\/wp\/v2\/users\/1"}],"replies":[{"embeddable":true,"href":"https:\/\/www.hoeco.fr\/index.php?rest_route=%2Fwp%2Fv2%2Fcomments&post=2213"}],"version-history":[{"count":5,"href":"https:\/\/www.hoeco.fr\/index.php?rest_route=\/wp\/v2\/pages\/2213\/revisions"}],"predecessor-version":[{"id":2820,"href":"https:\/\/www.hoeco.fr\/index.php?rest_route=\/wp\/v2\/pages\/2213\/revisions\/2820"}],"wp:attachment":[{"href":"https:\/\/www.hoeco.fr\/index.php?rest_route=%2Fwp%2Fv2%2Fmedia&parent=2213"}],"curies":[{"name":"wp","href":"https:\/\/api.w.org\/{rel}","templated":true}]}}