{"id":2208,"date":"2025-01-14T11:10:24","date_gmt":"2025-01-14T10:10:24","guid":{"rendered":"https:\/\/www.hoeco.fr\/?page_id=2208"},"modified":"2025-02-11T19:10:47","modified_gmt":"2025-02-11T18:10:47","slug":"sheds","status":"publish","type":"page","link":"https:\/\/www.hoeco.fr\/?page_id=2208","title":{"rendered":"SHEDS"},"content":{"rendered":"<div data-colibri-id=\"2208-c1\" class=\"style-1610 style-local-2208-c1 position-relative\">\n  <!---->\n  <div data-colibri-component=\"section\" data-colibri-id=\"2208-c2\" id=\"reusable-sections\" class=\"h-section h-section-global-spacing d-flex align-items-lg-center align-items-md-center align-items-center style-1611 style-local-2208-c2 position-relative\">\n    <!---->\n    <!---->\n    <div class=\"h-section-grid-container h-section-fluid-container\">\n      <!---->\n      <div data-colibri-id=\"2208-c3\" class=\"h-row-container gutters-row-lg-0 gutters-row-md-0 gutters-row-0 gutters-row-v-lg-0 gutters-row-v-md-0 gutters-row-v-0 style-1612 style-local-2208-c3 position-relative\">\n        <!---->\n        <div class=\"h-row justify-content-lg-center justify-content-md-center justify-content-center align-items-lg-stretch align-items-md-stretch align-items-stretch gutters-col-lg-0 gutters-col-md-0 gutters-col-0 gutters-col-v-lg-0 gutters-col-v-md-0 gutters-col-v-0\">\n          <!---->\n          <div class=\"h-column h-column-container d-flex h-col-lg-auto h-col-md-auto h-col-auto style-1613-outer style-local-2208-c4-outer\">\n            <div data-colibri-id=\"2208-c4\" class=\"d-flex h-flex-basis h-column__inner h-px-lg-2 h-px-md-2 h-px-2 v-inner-lg-2 v-inner-md-2 v-inner-2 style-1613 style-local-2208-c4 position-relative\">\n              <!---->\n              <!---->\n              <div class=\"w-100 h-y-container h-column__content h-column__v-align flex-basis-100 align-self-lg-start align-self-md-start align-self-start\">\n                <!---->\n                <div data-colibri-id=\"2208-c5\" class=\"d-block style-1614 style-local-2208-c5 position-relative h-element\">\n                  <!---->\n                  <div class=\"h-image__frame-container-outer\">\n                    <div class=\"h-image__frame-container\">\n                      <!---->\n                      <!---->\n                      <img loading=\"lazy\" decoding=\"async\" width=\"2392\" height=\"1588\" src=\"https:\/\/www.hoeco.fr\/wp-content\/uploads\/2025\/01\/SHEDS_4.png\" class=\"wp-image-2686 style-1614-image style-local-2208-c5-image\" alt=\"\" srcset=\"https:\/\/www.hoeco.fr\/wp-content\/uploads\/2025\/01\/SHEDS_4.png 2392w, https:\/\/www.hoeco.fr\/wp-content\/uploads\/2025\/01\/SHEDS_4-300x199.png 300w, https:\/\/www.hoeco.fr\/wp-content\/uploads\/2025\/01\/SHEDS_4-1024x680.png 1024w, https:\/\/www.hoeco.fr\/wp-content\/uploads\/2025\/01\/SHEDS_4-768x510.png 768w, https:\/\/www.hoeco.fr\/wp-content\/uploads\/2025\/01\/SHEDS_4-1536x1020.png 1536w, https:\/\/www.hoeco.fr\/wp-content\/uploads\/2025\/01\/SHEDS_4-2048x1360.png 2048w\" sizes=\"auto, (max-width: 2392px) 100vw, 2392px\" \/>\n                      <div class=\"h-image__frame h-hide-lg h-hide-md h-hide-sm style-1614-frameImage style-local-2208-c5-frameImage\"><\/div>\n                    <\/div>\n                  <\/div>\n                <\/div>\n                <div data-colibri-id=\"2208-c6\" class=\"d-block style-1615 style-local-2208-c6 position-relative h-element\">\n                  <!---->\n                  <div class=\"h-image__frame-container-outer\">\n                    <div class=\"h-image__frame-container\">\n                      <!---->\n                      <!---->\n                      <img loading=\"lazy\" decoding=\"async\" width=\"2392\" height=\"1588\" src=\"https:\/\/www.hoeco.fr\/wp-content\/uploads\/2025\/01\/SHEDS_1.png\" class=\"wp-image-2683 style-1615-image style-local-2208-c6-image\" alt=\"\" srcset=\"https:\/\/www.hoeco.fr\/wp-content\/uploads\/2025\/01\/SHEDS_1.png 2392w, https:\/\/www.hoeco.fr\/wp-content\/uploads\/2025\/01\/SHEDS_1-300x199.png 300w, https:\/\/www.hoeco.fr\/wp-content\/uploads\/2025\/01\/SHEDS_1-1024x680.png 1024w, https:\/\/www.hoeco.fr\/wp-content\/uploads\/2025\/01\/SHEDS_1-768x510.png 768w, https:\/\/www.hoeco.fr\/wp-content\/uploads\/2025\/01\/SHEDS_1-1536x1020.png 1536w, https:\/\/www.hoeco.fr\/wp-content\/uploads\/2025\/01\/SHEDS_1-2048x1360.png 2048w\" sizes=\"auto, (max-width: 2392px) 100vw, 2392px\" \/>\n                      <div class=\"h-image__frame h-hide-lg h-hide-md h-hide-sm style-1615-frameImage style-local-2208-c6-frameImage\"><\/div>\n                    <\/div>\n                  <\/div>\n                <\/div>\n                <div data-colibri-id=\"2208-c7\" class=\"d-block style-1615 style-local-2208-c7 position-relative h-element\">\n                  <!---->\n                  <div class=\"h-image__frame-container-outer\">\n                    <div class=\"h-image__frame-container\">\n                      <!---->\n                      <!---->\n                      <img loading=\"lazy\" decoding=\"async\" width=\"2392\" height=\"1588\" src=\"https:\/\/www.hoeco.fr\/wp-content\/uploads\/2025\/01\/SHEDS_3.png\" class=\"wp-image-2685 style-1615-image style-local-2208-c7-image\" alt=\"\" srcset=\"https:\/\/www.hoeco.fr\/wp-content\/uploads\/2025\/01\/SHEDS_3.png 2392w, https:\/\/www.hoeco.fr\/wp-content\/uploads\/2025\/01\/SHEDS_3-300x199.png 300w, https:\/\/www.hoeco.fr\/wp-content\/uploads\/2025\/01\/SHEDS_3-1024x680.png 1024w, https:\/\/www.hoeco.fr\/wp-content\/uploads\/2025\/01\/SHEDS_3-768x510.png 768w, https:\/\/www.hoeco.fr\/wp-content\/uploads\/2025\/01\/SHEDS_3-1536x1020.png 1536w, https:\/\/www.hoeco.fr\/wp-content\/uploads\/2025\/01\/SHEDS_3-2048x1360.png 2048w\" sizes=\"auto, (max-width: 2392px) 100vw, 2392px\" \/>\n                      <div class=\"h-image__frame h-hide-lg h-hide-md h-hide-sm style-1615-frameImage style-local-2208-c7-frameImage\"><\/div>\n                    <\/div>\n                  <\/div>\n                <\/div>\n                <div data-colibri-id=\"2208-c8\" class=\"d-block style-1615 style-local-2208-c8 position-relative h-element\">\n                  <!---->\n                  <div class=\"h-image__frame-container-outer\">\n                    <div class=\"h-image__frame-container\">\n                      <!---->\n                      <!---->\n                      <img loading=\"lazy\" decoding=\"async\" width=\"2392\" height=\"1588\" src=\"https:\/\/www.hoeco.fr\/wp-content\/uploads\/2025\/01\/SHEDS_6.png\" class=\"wp-image-2688 style-1615-image style-local-2208-c8-image\" alt=\"\" srcset=\"https:\/\/www.hoeco.fr\/wp-content\/uploads\/2025\/01\/SHEDS_6.png 2392w, https:\/\/www.hoeco.fr\/wp-content\/uploads\/2025\/01\/SHEDS_6-300x199.png 300w, https:\/\/www.hoeco.fr\/wp-content\/uploads\/2025\/01\/SHEDS_6-1024x680.png 1024w, https:\/\/www.hoeco.fr\/wp-content\/uploads\/2025\/01\/SHEDS_6-768x510.png 768w, https:\/\/www.hoeco.fr\/wp-content\/uploads\/2025\/01\/SHEDS_6-1536x1020.png 1536w, https:\/\/www.hoeco.fr\/wp-content\/uploads\/2025\/01\/SHEDS_6-2048x1360.png 2048w\" sizes=\"auto, (max-width: 2392px) 100vw, 2392px\" \/>\n                      <div class=\"h-image__frame h-hide-lg h-hide-md h-hide-sm style-1615-frameImage style-local-2208-c8-frameImage\"><\/div>\n                    <\/div>\n                  <\/div>\n                <\/div>\n                <div data-colibri-id=\"2208-c9\" class=\"d-block style-1615 style-local-2208-c9 position-relative h-element\">\n                  <!---->\n                  <div class=\"h-image__frame-container-outer\">\n                    <div class=\"h-image__frame-container\">\n                      <!---->\n                      <!---->\n                      <img loading=\"lazy\" decoding=\"async\" width=\"2392\" height=\"1588\" src=\"https:\/\/www.hoeco.fr\/wp-content\/uploads\/2025\/01\/SHEDS_5.png\" class=\"wp-image-2687 style-1615-image style-local-2208-c9-image\" alt=\"\" srcset=\"https:\/\/www.hoeco.fr\/wp-content\/uploads\/2025\/01\/SHEDS_5.png 2392w, https:\/\/www.hoeco.fr\/wp-content\/uploads\/2025\/01\/SHEDS_5-300x199.png 300w, https:\/\/www.hoeco.fr\/wp-content\/uploads\/2025\/01\/SHEDS_5-1024x680.png 1024w, https:\/\/www.hoeco.fr\/wp-content\/uploads\/2025\/01\/SHEDS_5-768x510.png 768w, https:\/\/www.hoeco.fr\/wp-content\/uploads\/2025\/01\/SHEDS_5-1536x1020.png 1536w, https:\/\/www.hoeco.fr\/wp-content\/uploads\/2025\/01\/SHEDS_5-2048x1360.png 2048w\" sizes=\"auto, (max-width: 2392px) 100vw, 2392px\" \/>\n                      <div class=\"h-image__frame h-hide-lg h-hide-md h-hide-sm style-1615-frameImage style-local-2208-c9-frameImage\"><\/div>\n                    <\/div>\n                  <\/div>\n                <\/div>\n                <div data-colibri-id=\"2208-c10\" class=\"d-block style-1615 style-local-2208-c10 position-relative h-element\">\n                  <!---->\n                  <div class=\"h-image__frame-container-outer\">\n                    <div class=\"h-image__frame-container\">\n                      <!---->\n                      <!---->\n                      <img loading=\"lazy\" decoding=\"async\" width=\"2392\" height=\"1588\" src=\"https:\/\/www.hoeco.fr\/wp-content\/uploads\/2025\/01\/SHEDS_7.png\" class=\"wp-image-2690 style-1615-image style-local-2208-c10-image\" alt=\"\" srcset=\"https:\/\/www.hoeco.fr\/wp-content\/uploads\/2025\/01\/SHEDS_7.png 2392w, https:\/\/www.hoeco.fr\/wp-content\/uploads\/2025\/01\/SHEDS_7-300x199.png 300w, https:\/\/www.hoeco.fr\/wp-content\/uploads\/2025\/01\/SHEDS_7-1024x680.png 1024w, https:\/\/www.hoeco.fr\/wp-content\/uploads\/2025\/01\/SHEDS_7-768x510.png 768w, https:\/\/www.hoeco.fr\/wp-content\/uploads\/2025\/01\/SHEDS_7-1536x1020.png 1536w, https:\/\/www.hoeco.fr\/wp-content\/uploads\/2025\/01\/SHEDS_7-2048x1360.png 2048w\" sizes=\"auto, (max-width: 2392px) 100vw, 2392px\" \/>\n                      <div class=\"h-image__frame h-hide-lg h-hide-md h-hide-sm style-1615-frameImage style-local-2208-c10-frameImage\"><\/div>\n                    <\/div>\n                  <\/div>\n                <\/div>\n              <\/div>\n            <\/div>\n          <\/div>\n          <div class=\"h-column h-column-container d-flex h-col-lg-auto h-col-md-auto h-col-auto style-1616-outer style-local-2208-c11-outer\">\n            <div data-colibri-id=\"2208-c11\" class=\"d-flex h-flex-basis h-column__inner h-px-lg-2 h-px-md-2 h-px-2 v-inner-lg-2 v-inner-md-2 v-inner-2 style-1616 style-local-2208-c11 position-relative\">\n              <!---->\n              <!---->\n              <div class=\"w-100 h-y-container h-column__content h-column__v-align flex-basis-100 align-self-lg-start align-self-md-start align-self-start\">\n                <!---->\n                <div data-colibri-id=\"2208-c12\" class=\"h-global-transition-all h-heading style-1617 style-local-2208-c12 position-relative h-element\">\n                  <!---->\n                  <div class=\"h-heading__outer style-1617 style-local-2208-c12\">\n                    <!---->\n                    <!---->\n                    <h4 class=\"\">Les SHEDS de Fleury les Aubrais<\/h4>\n                  <\/div>\n                <\/div>\n                <div data-colibri-id=\"2208-c13\" class=\"h-text h-text-component style-1618 style-local-2208-c13 position-relative h-element\">\n                  <!---->\n                  <!---->\n                  <div class=\"\">\n                    <p>Restructuration d&rsquo;un b\u00e2timent industriel existant en ERP, comportant plusieurs activit\u00e9s, fablab, co-working, tiers lieux, restaurations, campus universitaire, manufacture urbaine.<\/p>\n                  <\/div>\n                <\/div>\n                <div data-colibri-id=\"2208-c14\" class=\"h-text h-text-component style-1619 style-local-2208-c14 position-relative h-element\">\n                  <!---->\n                  <!---->\n                  <div class=\"\">\n                    <p><strong style=\"font-weight: 700;\">Ma\u00eetre d&rsquo;ouvrage<\/strong><\/p>\n                    <p>AKEN ECOSYSTEMES<\/p>\n                    <p><strong style=\"font-weight: 700;\">Con\u00e7u par<\/strong><\/p>\n                    <p>J\u00e9r\u00e9my NADAU (Nadau Architecture)<\/p>\n                  <\/div>\n                <\/div>\n                <div data-colibri-id=\"2208-c15\" class=\"h-text h-text-component style-1620 style-local-2208-c15 position-relative h-element\">\n                  <!---->\n                  <!---->\n                  <div class=\"\">\n                    <p><strong style=\"font-weight: 700;\">Les \u00e9quipes&nbsp;<\/strong>\n                      <br><span style=\"color: rgb(23, 37, 42); font-family: &quot;Open Sans&quot;; font-size: 11px; font-weight: 400;\">A+R Paysages (Paysagistes)<br>VP-Green (Structure))<br>KATENE (Fluides et Environnement)<\/span><span style=\"font-weight: 400;\"><br>Fred Bonnet (VRD)<\/span>\n                      <br>Sinteo (Acousticien)<\/p>\n                    <p><strong style=\"font-weight: 700;\">Missions r\u00e9alis\u00e9es par HOECO<\/strong>\n                      <br>\u00c9conomie de la construction<\/p>\n                    <p><strong style=\"font-weight: 700;\">Montant des travaux<\/strong>\n                      <br>20.500.000\u20ac HT<\/p>\n                    <p><strong style=\"font-weight: 700;\">Surface<\/strong>\n                      <br>11.300m\n                      <sup>2<\/sup> (SDP)<\/p>\n                    <p><strong style=\"font-weight: 700;\">Quand?<\/strong>\n                      <br>\u00c9tude en cours F\u00e9vrier 2025<\/p>\n                  <\/div>\n                <\/div>\n              <\/div>\n            <\/div>\n          <\/div>\n        <\/div>\n      <\/div>\n    <\/div>\n  <\/div>\n<\/div>","protected":false},"excerpt":{"rendered":"<p>Les SHEDS de Fleury les Aubrais Restructuration d&rsquo;un b\u00e2timent industriel existant en ERP, comportant plusieurs activit\u00e9s, fablab, co-working, tiers lieux, restaurations, campus universitaire, manufacture urbaine. Ma\u00eetre d&rsquo;ouvrage AKEN ECOSYSTEMES Con\u00e7u par J\u00e9r\u00e9my NADAU (Nadau Architecture) Les \u00e9quipes&nbsp; A+R Paysages (Paysagistes)VP-Green (Structure))KATENE (Fluides et Environnement)Fred Bonnet (VRD) Sinteo (Acousticien) Missions r\u00e9alis\u00e9es par HOECO \u00c9conomie de la [&hellip;]<\/p>\n","protected":false},"author":1,"featured_media":0,"parent":0,"menu_order":0,"comment_status":"closed","ping_status":"closed","template":"page-templates\/full-width-page.php","meta":{"footnotes":""},"class_list":["post-2208","page","type-page","status-publish","hentry"],"_links":{"self":[{"href":"https:\/\/www.hoeco.fr\/index.php?rest_route=\/wp\/v2\/pages\/2208","targetHints":{"allow":["GET"]}}],"collection":[{"href":"https:\/\/www.hoeco.fr\/index.php?rest_route=\/wp\/v2\/pages"}],"about":[{"href":"https:\/\/www.hoeco.fr\/index.php?rest_route=\/wp\/v2\/types\/page"}],"author":[{"embeddable":true,"href":"https:\/\/www.hoeco.fr\/index.php?rest_route=\/wp\/v2\/users\/1"}],"replies":[{"embeddable":true,"href":"https:\/\/www.hoeco.fr\/index.php?rest_route=%2Fwp%2Fv2%2Fcomments&post=2208"}],"version-history":[{"count":8,"href":"https:\/\/www.hoeco.fr\/index.php?rest_route=\/wp\/v2\/pages\/2208\/revisions"}],"predecessor-version":[{"id":2985,"href":"https:\/\/www.hoeco.fr\/index.php?rest_route=\/wp\/v2\/pages\/2208\/revisions\/2985"}],"wp:attachment":[{"href":"https:\/\/www.hoeco.fr\/index.php?rest_route=%2Fwp%2Fv2%2Fmedia&parent=2208"}],"curies":[{"name":"wp","href":"https:\/\/api.w.org\/{rel}","templated":true}]}}