{"id":2185,"date":"2025-01-13T22:13:56","date_gmt":"2025-01-13T21:13:56","guid":{"rendered":"https:\/\/www.hoeco.fr\/?page_id=2185"},"modified":"2025-01-16T08:44:26","modified_gmt":"2025-01-16T07:44:26","slug":"hotellerie-restauration","status":"publish","type":"page","link":"https:\/\/www.hoeco.fr\/?page_id=2185","title":{"rendered":"H\u00d4TELLERIE &amp; RESTAURATION"},"content":{"rendered":"<div data-colibri-id=\"2185-c1\" class=\"style-1475 style-local-2185-c1 position-relative\">\n  <!---->\n  <div data-colibri-component=\"section\" data-colibri-id=\"2185-c2\" id=\"reusable-sections\" class=\"h-section h-section-global-spacing d-flex align-items-lg-center align-items-md-center align-items-center style-1476 style-local-2185-c2 position-relative\">\n    <!---->\n    <!---->\n    <div class=\"h-section-grid-container h-section-fluid-container\">\n      <!---->\n      <div data-colibri-id=\"2185-c3\" class=\"h-row-container gutters-row-lg-2 gutters-row-md-2 gutters-row-2 gutters-row-v-lg-2 gutters-row-v-md-2 gutters-row-v-2 style-1477 style-local-2185-c3 position-relative\">\n        <!---->\n        <div class=\"h-row justify-content-lg-center justify-content-md-center justify-content-center align-items-lg-stretch align-items-md-stretch align-items-stretch gutters-col-lg-2 gutters-col-md-2 gutters-col-2 gutters-col-v-lg-2 gutters-col-v-md-2 gutters-col-v-2\">\n          <!---->\n          <div class=\"h-column h-column-container d-flex h-col-lg-4 h-col-md-6 h-col-12 style-1478-outer style-local-2185-c4-outer\">\n            <div data-colibri-id=\"2185-c4\" class=\"d-flex h-flex-basis h-column__inner h-px-lg-2 h-px-md-2 h-px-2 v-inner-lg-3 v-inner-md-3 v-inner-3 style-1478 style-local-2185-c4 position-relative\">\n              <div class=\"background-wrapper\">\n                <div class=\"background-layer background-layer-media-container-lg\">\n                  <!---->\n                  <div class=\"overlay-layer\">\n                    <div class=\"overlay-image-layer\" style=\"background-image: linear-gradient(0deg, rgba(0, 0, 0, 0.7) 0%, rgba(69, 58, 148, 0) 50%);\"><\/div>\n                  <\/div>\n                <\/div>\n                <div class=\"background-layer background-layer-media-container-md\">\n                  <!---->\n                  <div class=\"overlay-layer\">\n                    <div class=\"overlay-image-layer\" style=\"background-image: linear-gradient(0deg, rgba(0, 0, 0, 0.7) 0%, rgba(69, 58, 148, 0) 50%);\"><\/div>\n                  <\/div>\n                <\/div>\n                <div class=\"background-layer background-layer-media-container\">\n                  <!---->\n                  <div class=\"overlay-layer\">\n                    <div class=\"overlay-image-layer\" style=\"background-image: linear-gradient(0deg, rgba(0, 0, 0, 0.7) 0%, rgba(69, 58, 148, 0) 50%);\"><\/div>\n                  <\/div>\n                <\/div>\n              <\/div>\n              <!---->\n              <div class=\"w-100 h-y-container h-column__content h-column__v-align flex-basis-100 align-self-lg-end align-self-md-end align-self-end\">\n                <!---->\n                <div data-colibri-id=\"2185-c5\" class=\"h-global-transition-all h-heading style-1479 style-local-2185-c5 position-relative h-element\">\n                  <!---->\n                  <div class=\"h-heading__outer style-1479 style-local-2185-c5\">\n                    <!---->\n                    <!---->\n                    <h6 class=\"\">THE GREEN SHACK<\/h6>\n                  <\/div>\n                <\/div>\n                <div data-colibri-id=\"2185-c6\" class=\"h-x-container style-1480 style-local-2185-c6 position-relative h-element\">\n                  <!---->\n                  <div class=\"h-x-container-inner style-dynamic-2185-c6-group style-1480-spacing style-local-2185-c6-spacing\"><span class=\"h-link__outer style-1481-outer style-local-2185-c7-outer d-inline-flex h-element\"><a h-use-smooth-scroll=\"true\" href=\"https:\/\/www.hoeco.fr\/?page_id=2225\"  data-colibri-id=\"2185-c7\" class=\"d-flex w-100 align-items-center h-link style-1481 style-local-2185-c7 position-relative\"><!----><!----> <span>Pour plus d&rsquo;informations<\/span>                    <span class=\"h-svg-icon h-link__icon style-1481-icon style-local-2185-c7-icon\"><!--Icon by Icons8 Line Awesome (https:\/\/icons8.com\/line-awesome)--><svg version=\"1.1\" xmlns=\"http:\/\/www.w3.org\/2000\/svg\" xmlns:xlink=\"http:\/\/www.w3.org\/1999\/xlink\" id=\"angle-double-right\" viewBox=\"0 0 512 545.5\"><path d=\"M145.5 108.5l168 168L325 288l-11.5 11.5-168 168-22.5-23L279.5 288 123 131.5zm112 0l168 168L437 288l-11.5 11.5-168 168-22.5-23L391.5 288 235 131.5z\"><\/path><\/svg><\/span><\/a>\n                    <\/span>\n                  <\/div>\n                <\/div>\n              <\/div>\n            <\/div>\n          <\/div>\n          <div class=\"h-column h-column-container d-flex h-col-lg-4 h-col-md-6 h-col-12 style-1482-outer style-local-2185-c8-outer\">\n            <div data-colibri-id=\"2185-c8\" class=\"d-flex h-flex-basis h-column__inner h-px-lg-2 h-px-md-2 h-px-2 v-inner-lg-3 v-inner-md-3 v-inner-3 style-1482 style-local-2185-c8 position-relative\">\n              <div class=\"background-wrapper\">\n                <div class=\"background-layer background-layer-media-container-lg\">\n                  <!---->\n                  <div class=\"overlay-layer\">\n                    <div class=\"overlay-image-layer\" style=\"background-image: linear-gradient(0deg, rgba(0, 0, 0, 0.7) 0%, rgba(69, 58, 148, 0) 50%);\"><\/div>\n                  <\/div>\n                <\/div>\n                <div class=\"background-layer background-layer-media-container-md\">\n                  <!---->\n                  <div class=\"overlay-layer\">\n                    <div class=\"overlay-image-layer\" style=\"background-image: linear-gradient(0deg, rgba(0, 0, 0, 0.7) 0%, rgba(69, 58, 148, 0) 50%);\"><\/div>\n                  <\/div>\n                <\/div>\n                <div class=\"background-layer background-layer-media-container\">\n                  <!---->\n                  <div class=\"overlay-layer\">\n                    <div class=\"overlay-image-layer\" style=\"background-image: linear-gradient(0deg, rgba(0, 0, 0, 0.7) 0%, rgba(69, 58, 148, 0) 50%);\"><\/div>\n                  <\/div>\n                <\/div>\n              <\/div>\n              <!---->\n              <div class=\"w-100 h-y-container h-column__content h-column__v-align flex-basis-100 align-self-lg-end align-self-md-end align-self-end\">\n                <!---->\n                <div data-colibri-id=\"2185-c9\" class=\"h-global-transition-all h-heading style-1479 style-local-2185-c9 position-relative h-element\">\n                  <!---->\n                  <div class=\"h-heading__outer style-1479 style-local-2185-c9\">\n                    <!---->\n                    <!---->\n                    <h6 class=\"\">UNE CHAMBRE AU JARDIN<\/h6>\n                  <\/div>\n                <\/div>\n                <div data-colibri-id=\"2185-c10\" class=\"h-x-container style-1480 style-local-2185-c10 position-relative h-element\">\n                  <!---->\n                  <div class=\"h-x-container-inner style-dynamic-2185-c10-group style-1480-spacing style-local-2185-c10-spacing\"><span class=\"h-link__outer style-1481-outer style-local-2185-c11-outer d-inline-flex h-element\"><a h-use-smooth-scroll=\"true\" href=\"https:\/\/www.hoeco.fr\/?page_id=2228\"  data-colibri-id=\"2185-c11\" class=\"d-flex w-100 align-items-center h-link style-1481 style-local-2185-c11 position-relative\"><!----><!----> <span>Pour plus d&rsquo;informations<\/span>                    <span class=\"h-svg-icon h-link__icon style-1481-icon style-local-2185-c11-icon\"><!--Icon by Icons8 Line Awesome (https:\/\/icons8.com\/line-awesome)--><svg version=\"1.1\" xmlns=\"http:\/\/www.w3.org\/2000\/svg\" xmlns:xlink=\"http:\/\/www.w3.org\/1999\/xlink\" id=\"angle-double-right\" viewBox=\"0 0 512 545.5\"><path d=\"M145.5 108.5l168 168L325 288l-11.5 11.5-168 168-22.5-23L279.5 288 123 131.5zm112 0l168 168L437 288l-11.5 11.5-168 168-22.5-23L391.5 288 235 131.5z\"><\/path><\/svg><\/span><\/a>\n                    <\/span>\n                  <\/div>\n                <\/div>\n              <\/div>\n            <\/div>\n          <\/div>\n          <div class=\"h-column h-column-container d-flex h-col-lg-4 h-col-md-6 h-col-12 style-1483-outer style-local-2185-c12-outer\">\n            <div data-colibri-id=\"2185-c12\" class=\"d-flex h-flex-basis h-column__inner h-px-lg-2 h-px-md-2 h-px-2 v-inner-lg-3 v-inner-md-3 v-inner-3 style-1483 style-local-2185-c12 position-relative\">\n              <div class=\"background-wrapper\">\n                <div class=\"background-layer background-layer-media-container-lg\">\n                  <!---->\n                  <div class=\"overlay-layer\">\n                    <div class=\"overlay-image-layer\" style=\"background-image: linear-gradient(0deg, rgba(0, 0, 0, 0.7) 0%, rgba(69, 58, 148, 0) 50%);\"><\/div>\n                  <\/div>\n                <\/div>\n                <div class=\"background-layer background-layer-media-container-md\">\n                  <!---->\n                  <div class=\"overlay-layer\">\n                    <div class=\"overlay-image-layer\" style=\"background-image: linear-gradient(0deg, rgba(0, 0, 0, 0.7) 0%, rgba(69, 58, 148, 0) 50%);\"><\/div>\n                  <\/div>\n                <\/div>\n                <div class=\"background-layer background-layer-media-container\">\n                  <!---->\n                  <div class=\"overlay-layer\">\n                    <div class=\"overlay-image-layer\" style=\"background-image: linear-gradient(0deg, rgba(0, 0, 0, 0.7) 0%, rgba(69, 58, 148, 0) 50%);\"><\/div>\n                  <\/div>\n                <\/div>\n              <\/div>\n              <!---->\n              <div class=\"w-100 h-y-container h-column__content h-column__v-align flex-basis-100 align-self-lg-end align-self-md-end align-self-end\">\n                <!---->\n                <div data-colibri-id=\"2185-c13\" class=\"h-global-transition-all h-heading style-1479 style-local-2185-c13 position-relative h-element\">\n                  <!---->\n                  <div class=\"h-heading__outer style-1479 style-local-2185-c13\">\n                    <!---->\n                    <!---->\n                    <h6 class=\"\">PARC ANIMALIER ET BOTANIQUE DE BRANF\u00c9R\u00c9 &#8211; ACCUEIL ET RESTAURANT<\/h6>\n                  <\/div>\n                <\/div>\n                <div data-colibri-id=\"2185-c14\" class=\"h-x-container style-1480 style-local-2185-c14 position-relative h-element\">\n                  <!---->\n                  <div class=\"h-x-container-inner style-dynamic-2185-c14-group style-1480-spacing style-local-2185-c14-spacing\"><span class=\"h-link__outer style-1481-outer style-local-2185-c15-outer d-inline-flex h-element\"><a h-use-smooth-scroll=\"true\" href=\"https:\/\/www.hoeco.fr\/?page_id=2230\"  data-colibri-id=\"2185-c15\" class=\"d-flex w-100 align-items-center h-link style-1481 style-local-2185-c15 position-relative\"><!----><!----> <span>Pour plus d&rsquo;informations<\/span>                    <span class=\"h-svg-icon h-link__icon style-1481-icon style-local-2185-c15-icon\"><!--Icon by Icons8 Line Awesome (https:\/\/icons8.com\/line-awesome)--><svg version=\"1.1\" xmlns=\"http:\/\/www.w3.org\/2000\/svg\" xmlns:xlink=\"http:\/\/www.w3.org\/1999\/xlink\" id=\"angle-double-right\" viewBox=\"0 0 512 545.5\"><path d=\"M145.5 108.5l168 168L325 288l-11.5 11.5-168 168-22.5-23L279.5 288 123 131.5zm112 0l168 168L437 288l-11.5 11.5-168 168-22.5-23L391.5 288 235 131.5z\"><\/path><\/svg><\/span><\/a>\n                    <\/span>\n                  <\/div>\n                <\/div>\n              <\/div>\n            <\/div>\n          <\/div>\n          <div class=\"h-column h-column-container d-flex h-col-lg-4 h-col-md-6 h-col-12 style-1484-outer style-local-2185-c16-outer\">\n            <div data-colibri-id=\"2185-c16\" class=\"d-flex h-flex-basis h-column__inner h-px-lg-2 h-px-md-2 h-px-2 v-inner-lg-3 v-inner-md-3 v-inner-3 style-1484 style-local-2185-c16 position-relative\">\n              <div class=\"background-wrapper\">\n                <div class=\"background-layer background-layer-media-container-lg\">\n                  <!---->\n                  <div class=\"overlay-layer\">\n                    <div class=\"overlay-image-layer\" style=\"background-image: linear-gradient(0deg, rgba(0, 0, 0, 0.7) 0%, rgba(69, 58, 148, 0) 50%);\"><\/div>\n                  <\/div>\n                <\/div>\n                <div class=\"background-layer background-layer-media-container-md\">\n                  <!---->\n                  <div class=\"overlay-layer\">\n                    <div class=\"overlay-image-layer\" style=\"background-image: linear-gradient(0deg, rgba(0, 0, 0, 0.7) 0%, rgba(69, 58, 148, 0) 50%);\"><\/div>\n                  <\/div>\n                <\/div>\n                <div class=\"background-layer background-layer-media-container\">\n                  <!---->\n                  <div class=\"overlay-layer\">\n                    <div class=\"overlay-image-layer\" style=\"background-image: linear-gradient(0deg, rgba(0, 0, 0, 0.7) 0%, rgba(69, 58, 148, 0) 50%);\"><\/div>\n                  <\/div>\n                <\/div>\n              <\/div>\n              <!---->\n              <div class=\"w-100 h-y-container h-column__content h-column__v-align flex-basis-100 align-self-lg-end align-self-md-end align-self-end\">\n                <!---->\n                <div data-colibri-id=\"2185-c17\" class=\"h-global-transition-all h-heading style-1479 style-local-2185-c17 position-relative h-element\">\n                  <!---->\n                  <div class=\"h-heading__outer style-1479 style-local-2185-c17\">\n                    <!---->\n                    <!---->\n                    <h6 class=\"\">\u00c9TOILE DU NORD<\/h6>\n                  <\/div>\n                <\/div>\n                <div data-colibri-id=\"2185-c18\" class=\"h-x-container style-1480 style-local-2185-c18 position-relative h-element\">\n                  <!---->\n                  <div class=\"h-x-container-inner style-dynamic-2185-c18-group style-1480-spacing style-local-2185-c18-spacing\"><span class=\"h-link__outer style-1481-outer style-local-2185-c19-outer d-inline-flex h-element\"><a h-use-smooth-scroll=\"true\" href=\"https:\/\/www.hoeco.fr\/?page_id=2231\"  data-colibri-id=\"2185-c19\" class=\"d-flex w-100 align-items-center h-link style-1481 style-local-2185-c19 position-relative\"><!----><!----> <span>Pour plus d&rsquo;informations<\/span>                    <span class=\"h-svg-icon h-link__icon style-1481-icon style-local-2185-c19-icon\"><!--Icon by Icons8 Line Awesome (https:\/\/icons8.com\/line-awesome)--><svg version=\"1.1\" xmlns=\"http:\/\/www.w3.org\/2000\/svg\" xmlns:xlink=\"http:\/\/www.w3.org\/1999\/xlink\" id=\"angle-double-right\" viewBox=\"0 0 512 545.5\"><path d=\"M145.5 108.5l168 168L325 288l-11.5 11.5-168 168-22.5-23L279.5 288 123 131.5zm112 0l168 168L437 288l-11.5 11.5-168 168-22.5-23L391.5 288 235 131.5z\"><\/path><\/svg><\/span><\/a>\n                    <\/span>\n                  <\/div>\n                <\/div>\n              <\/div>\n            <\/div>\n          <\/div>\n          <div class=\"h-column h-column-container d-flex h-col-lg-4 h-col-md-6 h-col-12 style-1485-outer style-local-2185-c20-outer\">\n            <div data-colibri-id=\"2185-c20\" class=\"d-flex h-flex-basis h-column__inner h-px-lg-2 h-px-md-2 h-px-2 v-inner-lg-3 v-inner-md-3 v-inner-3 style-1485 style-local-2185-c20 position-relative\">\n              <div class=\"background-wrapper\">\n                <div class=\"background-layer background-layer-media-container-lg\">\n                  <!---->\n                  <div class=\"overlay-layer\">\n                    <div class=\"overlay-image-layer\" style=\"background-image: linear-gradient(0deg, rgba(0, 0, 0, 0.7) 0%, rgba(69, 58, 148, 0) 50%);\"><\/div>\n                  <\/div>\n                <\/div>\n                <div class=\"background-layer background-layer-media-container-md\">\n                  <!---->\n                  <div class=\"overlay-layer\">\n                    <div class=\"overlay-image-layer\" style=\"background-image: linear-gradient(0deg, rgba(0, 0, 0, 0.7) 0%, rgba(69, 58, 148, 0) 50%);\"><\/div>\n                  <\/div>\n                <\/div>\n                <div class=\"background-layer background-layer-media-container\">\n                  <!---->\n                  <div class=\"overlay-layer\">\n                    <div class=\"overlay-image-layer\" style=\"background-image: linear-gradient(0deg, rgba(0, 0, 0, 0.7) 0%, rgba(69, 58, 148, 0) 50%);\"><\/div>\n                  <\/div>\n                <\/div>\n              <\/div>\n              <!---->\n              <div class=\"w-100 h-y-container h-column__content h-column__v-align flex-basis-100 align-self-lg-end align-self-md-end align-self-end\">\n                <!---->\n                <div data-colibri-id=\"2185-c21\" class=\"h-global-transition-all h-heading style-1479 style-local-2185-c21 position-relative h-element\">\n                  <!---->\n                  <div class=\"h-heading__outer style-1479 style-local-2185-c21\">\n                    <!---->\n                    <!---->\n                    <h6 class=\"\">LE CH\u00c2TEAU DE LA SAUZAIE<\/h6>\n                  <\/div>\n                <\/div>\n                <div data-colibri-id=\"2185-c22\" class=\"h-x-container style-1480 style-local-2185-c22 position-relative h-element\">\n                  <!---->\n                  <div class=\"h-x-container-inner style-dynamic-2185-c22-group style-1480-spacing style-local-2185-c22-spacing\"><span class=\"h-link__outer style-1481-outer style-local-2185-c23-outer d-inline-flex h-element\"><a h-use-smooth-scroll=\"true\" href=\"https:\/\/www.hoeco.fr\/?page_id=2227\"  data-colibri-id=\"2185-c23\" class=\"d-flex w-100 align-items-center h-link style-1481 style-local-2185-c23 position-relative\"><!----><!----> <span>Pour plus d&rsquo;informations<\/span>                    <span class=\"h-svg-icon h-link__icon style-1481-icon style-local-2185-c23-icon\"><!--Icon by Icons8 Line Awesome (https:\/\/icons8.com\/line-awesome)--><svg version=\"1.1\" xmlns=\"http:\/\/www.w3.org\/2000\/svg\" xmlns:xlink=\"http:\/\/www.w3.org\/1999\/xlink\" id=\"angle-double-right\" viewBox=\"0 0 512 545.5\"><path d=\"M145.5 108.5l168 168L325 288l-11.5 11.5-168 168-22.5-23L279.5 288 123 131.5zm112 0l168 168L437 288l-11.5 11.5-168 168-22.5-23L391.5 288 235 131.5z\"><\/path><\/svg><\/span><\/a>\n                    <\/span>\n                  <\/div>\n                <\/div>\n              <\/div>\n            <\/div>\n          <\/div>\n        <\/div>\n      <\/div>\n    <\/div>\n  <\/div>\n<\/div>","protected":false},"excerpt":{"rendered":"<p>THE GREEN SHACK Pour plus d&rsquo;informations UNE CHAMBRE AU JARDIN Pour plus d&rsquo;informations PARC ANIMALIER ET BOTANIQUE DE BRANF\u00c9R\u00c9 &#8211; ACCUEIL ET RESTAURANT Pour plus d&rsquo;informations \u00c9TOILE DU NORD Pour plus d&rsquo;informations LE CH\u00c2TEAU DE LA SAUZAIE Pour plus d&rsquo;informations<\/p>\n","protected":false},"author":1,"featured_media":0,"parent":0,"menu_order":0,"comment_status":"closed","ping_status":"closed","template":"page-templates\/full-width-page.php","meta":{"footnotes":""},"class_list":["post-2185","page","type-page","status-publish","hentry"],"_links":{"self":[{"href":"https:\/\/www.hoeco.fr\/index.php?rest_route=\/wp\/v2\/pages\/2185","targetHints":{"allow":["GET"]}}],"collection":[{"href":"https:\/\/www.hoeco.fr\/index.php?rest_route=\/wp\/v2\/pages"}],"about":[{"href":"https:\/\/www.hoeco.fr\/index.php?rest_route=\/wp\/v2\/types\/page"}],"author":[{"embeddable":true,"href":"https:\/\/www.hoeco.fr\/index.php?rest_route=\/wp\/v2\/users\/1"}],"replies":[{"embeddable":true,"href":"https:\/\/www.hoeco.fr\/index.php?rest_route=%2Fwp%2Fv2%2Fcomments&post=2185"}],"version-history":[{"count":3,"href":"https:\/\/www.hoeco.fr\/index.php?rest_route=\/wp\/v2\/pages\/2185\/revisions"}],"predecessor-version":[{"id":2543,"href":"https:\/\/www.hoeco.fr\/index.php?rest_route=\/wp\/v2\/pages\/2185\/revisions\/2543"}],"wp:attachment":[{"href":"https:\/\/www.hoeco.fr\/index.php?rest_route=%2Fwp%2Fv2%2Fmedia&parent=2185"}],"curies":[{"name":"wp","href":"https:\/\/api.w.org\/{rel}","templated":true}]}}