{"id":2181,"date":"2025-01-13T15:14:36","date_gmt":"2025-01-13T14:14:36","guid":{"rendered":"https:\/\/www.hoeco.fr\/?page_id=2181"},"modified":"2025-01-16T08:23:29","modified_gmt":"2025-01-16T07:23:29","slug":"le-centre-national-des-arts-de-la-rue-et-de-lespace-public","status":"publish","type":"page","link":"https:\/\/www.hoeco.fr\/?page_id=2181","title":{"rendered":"LE CENTRE NATIONAL DES ARTS DE LA RUE ET DE L&rsquo;ESPACE PUBLIC"},"content":{"rendered":"<div data-colibri-id=\"2181-c1\" class=\"style-1462 style-local-2181-c1 position-relative\">\n  <!---->\n  <div data-colibri-component=\"section\" data-colibri-id=\"2181-c2\" id=\"reusable-sections\" class=\"h-section h-section-global-spacing d-flex align-items-lg-center align-items-md-center align-items-center style-1463 style-local-2181-c2 position-relative\">\n    <!---->\n    <!---->\n    <div class=\"h-section-grid-container h-section-fluid-container\">\n      <!---->\n      <div data-colibri-id=\"2181-c3\" class=\"h-row-container gutters-row-lg-0 gutters-row-md-0 gutters-row-0 gutters-row-v-lg-0 gutters-row-v-md-0 gutters-row-v-0 style-1464 style-local-2181-c3 position-relative\">\n        <!---->\n        <div class=\"h-row justify-content-lg-center justify-content-md-center justify-content-center align-items-lg-stretch align-items-md-stretch align-items-stretch gutters-col-lg-0 gutters-col-md-0 gutters-col-0 gutters-col-v-lg-0 gutters-col-v-md-0 gutters-col-v-0\">\n          <!---->\n          <div class=\"h-column h-column-container d-flex h-col-lg-auto h-col-md-auto h-col-auto style-1465-outer style-local-2181-c4-outer\">\n            <div data-colibri-id=\"2181-c4\" class=\"d-flex h-flex-basis h-column__inner h-px-lg-2 h-px-md-2 h-px-2 v-inner-lg-2 v-inner-md-2 v-inner-2 style-1465 style-local-2181-c4 position-relative\">\n              <!---->\n              <!---->\n              <div class=\"w-100 h-y-container h-column__content h-column__v-align flex-basis-100 align-self-lg-start align-self-md-start align-self-start\">\n                <!---->\n                <div data-colibri-id=\"2181-c5\" class=\"d-block style-1466 style-local-2181-c5 position-relative h-element\">\n                  <!---->\n                  <div class=\"h-image__frame-container-outer\">\n                    <div class=\"h-image__frame-container\">\n                      <!---->\n                      <!---->\n                      <img decoding=\"async\" src=\"https:\/\/www.hoeco.fr\/wp-content\/uploads\/2023\/03\/CNAREP_1.png\" class=\"style-1466-image style-local-2181-c5-image\">\n                      <div class=\"h-image__frame h-hide-lg h-hide-md h-hide-sm style-1466-frameImage style-local-2181-c5-frameImage\"><\/div>\n                    <\/div>\n                  <\/div>\n                <\/div>\n                <div data-colibri-id=\"2181-c6\" class=\"d-block style-1467 style-local-2181-c6 position-relative h-element\">\n                  <!---->\n                  <div class=\"h-image__frame-container-outer\">\n                    <div class=\"h-image__frame-container\">\n                      <!---->\n                      <!---->\n                      <img loading=\"lazy\" decoding=\"async\" width=\"452\" height=\"524\" src=\"https:\/\/www.hoeco.fr\/wp-content\/uploads\/2023\/03\/CNAREP_2.png\" class=\"wp-image-1217 style-1467-image style-local-2181-c6-image\" alt=\"\" srcset=\"https:\/\/www.hoeco.fr\/wp-content\/uploads\/2023\/03\/CNAREP_2.png 452w, https:\/\/www.hoeco.fr\/wp-content\/uploads\/2023\/03\/CNAREP_2-259x300.png 259w\" sizes=\"auto, (max-width: 452px) 100vw, 452px\" \/>\n                      <div class=\"h-image__frame h-hide-lg h-hide-md h-hide-sm style-1467-frameImage style-local-2181-c6-frameImage\"><\/div>\n                    <\/div>\n                  <\/div>\n                <\/div>\n                <div data-colibri-id=\"2181-c7\" class=\"d-block style-1467 style-local-2181-c7 position-relative h-element\">\n                  <!---->\n                  <div class=\"h-image__frame-container-outer\">\n                    <div class=\"h-image__frame-container\">\n                      <!---->\n                      <!---->\n                      <img loading=\"lazy\" decoding=\"async\" width=\"464\" height=\"523\" src=\"https:\/\/www.hoeco.fr\/wp-content\/uploads\/2023\/03\/CNAREP_3.png\" class=\"wp-image-1218 style-1467-image style-local-2181-c7-image\" alt=\"\" srcset=\"https:\/\/www.hoeco.fr\/wp-content\/uploads\/2023\/03\/CNAREP_3.png 464w, https:\/\/www.hoeco.fr\/wp-content\/uploads\/2023\/03\/CNAREP_3-266x300.png 266w\" sizes=\"auto, (max-width: 464px) 100vw, 464px\" \/>\n                      <div class=\"h-image__frame h-hide-lg h-hide-md h-hide-sm style-1467-frameImage style-local-2181-c7-frameImage\"><\/div>\n                    <\/div>\n                  <\/div>\n                <\/div>\n              <\/div>\n            <\/div>\n          <\/div>\n          <div class=\"h-column h-column-container d-flex h-col-lg-auto h-col-md-auto h-col-auto style-1468-outer style-local-2181-c8-outer\">\n            <div data-colibri-id=\"2181-c8\" class=\"d-flex h-flex-basis h-column__inner h-px-lg-2 h-px-md-2 h-px-2 v-inner-lg-2 v-inner-md-2 v-inner-2 style-1468 style-local-2181-c8 position-relative\">\n              <!---->\n              <!---->\n              <div class=\"w-100 h-y-container h-column__content h-column__v-align flex-basis-100 align-self-lg-start align-self-md-start align-self-start\">\n                <!---->\n                <div data-colibri-id=\"2181-c9\" class=\"h-global-transition-all h-heading style-1469 style-local-2181-c9 position-relative h-element\">\n                  <!---->\n                  <div class=\"h-heading__outer style-1469 style-local-2181-c9\">\n                    <!---->\n                    <!---->\n                    <h4 class=\"\"><em style=\"font-weight: 300;\"><u>Projet abandonn\u00e9 par la Ville de<\/u><\/em><em><u>&nbsp;La Rochelle<\/u><\/em><\/h4>\n                  <\/div>\n                <\/div>\n                <div data-colibri-id=\"2181-c10\" class=\"h-text h-text-component style-1470 style-local-2181-c10 position-relative h-element\">\n                  <!---->\n                  <!---->\n                  <div class=\"\">\n                    <p>Installation du Centre National des Arts de la Rue et de l&rsquo;Espace Public (CNAREP) \u00e0 l&rsquo;Espace ENCAN Sud de La Rochelle.<\/p>\n                  <\/div>\n                <\/div>\n                <div data-colibri-id=\"2181-c11\" class=\"h-text h-text-component style-1471 style-local-2181-c11 position-relative h-element\">\n                  <!---->\n                  <!---->\n                  <div class=\"\">\n                    <p><span style=\"font-weight: 700;\">Ma\u00eetre d&rsquo;ouvrage<\/span><\/p>\n                    <p>Mairie de La Rochelle\n                      <br>\n                    <\/p>\n                    <p><span style=\"font-weight: 700;\">Con\u00e7u par<\/span><\/p>\n                    <p>Karine PETIT (Du C\u0153ur A l&rsquo;Ouvrage)<\/p>\n                  <\/div>\n                <\/div>\n                <div data-colibri-id=\"2181-c12\" class=\"h-text h-text-component style-1472 style-local-2181-c12 position-relative h-element\">\n                  <!---->\n                  <!---->\n                  <div class=\"\">\n                    <p><span style=\"font-weight: 700;\">Les \u00e9quipes&nbsp;<\/span>\n                      <br><span style=\"color: rgb(0, 0, 0); font-family: &quot;Open Sans&quot;; font-size: 11px; font-weight: 400;\">SCENOGRAPHICC (Sc\u00e9nographie)<br>B2E (Fluides)<br>BAG (B\u00e9ton) <br>Fran\u00e7ois BONNEFOUS (Acoustique)<\/span>\n                      <br>\n                    <\/p>\n                    <p><span style=\"font-weight: 700;\">Missions r\u00e9alis\u00e9es par HOECO<\/span>\n                      <br>\u00c9conomie de la construction, DET Partiel, OPC<\/p>\n                    <p><span style=\"font-weight: 700;\">Montant des travaux<\/span>\n                      <br>2.148.000\u20ac HT<\/p>\n                    <p><span style=\"font-weight: 700;\">Surface<\/span>\n                      <br>1.729m\n                      <sup>2<\/sup>&nbsp;<\/p>\n                    <p><span style=\"font-weight: 700;\">Quand?<\/span>\n                      <br>De 2023 \u00e0 2024<\/p>\n                    <p><span style=\"font-weight: 700;\">Performance<\/span>\n                      <br><span style=\"color: rgb(9, 33, 42); font-family: &quot;Open Sans&quot;; font-size: 11px; font-weight: 400;\">Ad\u00e9quation \u00e0 La Rochelle Territoire Z\u00e9ro Carbone ce qui implique une r\u00e9utilisation maximale des lieux et des mat\u00e9riaux existants, sobri\u00e9t\u00e9 et humilit\u00e9 dans les traitements<\/span><\/p>\n                  <\/div>\n                <\/div>\n              <\/div>\n            <\/div>\n          <\/div>\n        <\/div>\n      <\/div>\n    <\/div>\n  <\/div>\n<\/div>","protected":false},"excerpt":{"rendered":"<p>Projet abandonn\u00e9 par la Ville de&nbsp;La Rochelle Installation du Centre National des Arts de la Rue et de l&rsquo;Espace Public (CNAREP) \u00e0 l&rsquo;Espace ENCAN Sud de La Rochelle. Ma\u00eetre d&rsquo;ouvrage Mairie de La Rochelle Con\u00e7u par Karine PETIT (Du C\u0153ur A l&rsquo;Ouvrage) Les \u00e9quipes&nbsp; SCENOGRAPHICC (Sc\u00e9nographie)B2E (Fluides)BAG (B\u00e9ton) Fran\u00e7ois BONNEFOUS (Acoustique) Missions r\u00e9alis\u00e9es par HOECO [&hellip;]<\/p>\n","protected":false},"author":1,"featured_media":0,"parent":0,"menu_order":0,"comment_status":"closed","ping_status":"closed","template":"page-templates\/full-width-page.php","meta":{"footnotes":""},"class_list":["post-2181","page","type-page","status-publish","hentry"],"_links":{"self":[{"href":"https:\/\/www.hoeco.fr\/index.php?rest_route=\/wp\/v2\/pages\/2181","targetHints":{"allow":["GET"]}}],"collection":[{"href":"https:\/\/www.hoeco.fr\/index.php?rest_route=\/wp\/v2\/pages"}],"about":[{"href":"https:\/\/www.hoeco.fr\/index.php?rest_route=\/wp\/v2\/types\/page"}],"author":[{"embeddable":true,"href":"https:\/\/www.hoeco.fr\/index.php?rest_route=\/wp\/v2\/users\/1"}],"replies":[{"embeddable":true,"href":"https:\/\/www.hoeco.fr\/index.php?rest_route=%2Fwp%2Fv2%2Fcomments&post=2181"}],"version-history":[{"count":2,"href":"https:\/\/www.hoeco.fr\/index.php?rest_route=\/wp\/v2\/pages\/2181\/revisions"}],"predecessor-version":[{"id":2303,"href":"https:\/\/www.hoeco.fr\/index.php?rest_route=\/wp\/v2\/pages\/2181\/revisions\/2303"}],"wp:attachment":[{"href":"https:\/\/www.hoeco.fr\/index.php?rest_route=%2Fwp%2Fv2%2Fmedia&parent=2181"}],"curies":[{"name":"wp","href":"https:\/\/api.w.org\/{rel}","templated":true}]}}