{"id":2180,"date":"2025-01-13T15:08:08","date_gmt":"2025-01-13T14:08:08","guid":{"rendered":"https:\/\/www.hoeco.fr\/?page_id=2180"},"modified":"2025-03-24T15:52:54","modified_gmt":"2025-03-24T14:52:54","slug":"biganos-le-chahut","status":"publish","type":"page","link":"https:\/\/www.hoeco.fr\/?page_id=2180","title":{"rendered":"BIGANOS, LE CHAHUT"},"content":{"rendered":"<div data-colibri-id=\"2180-c1\" class=\"style-1451 style-local-2180-c1 position-relative\">\n  <!---->\n  <div data-colibri-component=\"section\" data-colibri-id=\"2180-c2\" id=\"reusable-sections\" class=\"h-section h-section-global-spacing d-flex align-items-lg-center align-items-md-center align-items-center style-1452 style-local-2180-c2 position-relative\">\n    <!---->\n    <!---->\n    <div class=\"h-section-grid-container h-section-fluid-container\">\n      <!---->\n      <div data-colibri-id=\"2180-c3\" class=\"h-row-container gutters-row-lg-0 gutters-row-md-0 gutters-row-0 gutters-row-v-lg-0 gutters-row-v-md-0 gutters-row-v-0 style-1453 style-local-2180-c3 position-relative\">\n        <!---->\n        <div class=\"h-row justify-content-lg-center justify-content-md-center justify-content-center align-items-lg-stretch align-items-md-stretch align-items-stretch gutters-col-lg-0 gutters-col-md-0 gutters-col-0 gutters-col-v-lg-0 gutters-col-v-md-0 gutters-col-v-0\">\n          <!---->\n          <div class=\"h-column h-column-container d-flex h-col-lg-auto h-col-md-auto h-col-auto style-1454-outer style-local-2180-c4-outer\">\n            <div data-colibri-id=\"2180-c4\" class=\"d-flex h-flex-basis h-column__inner h-px-lg-2 h-px-md-2 h-px-2 v-inner-lg-2 v-inner-md-2 v-inner-2 style-1454 style-local-2180-c4 position-relative\">\n              <!---->\n              <!---->\n              <div class=\"w-100 h-y-container h-column__content h-column__v-align flex-basis-100 align-self-lg-start align-self-md-start align-self-start\">\n                <!---->\n                <div data-colibri-id=\"2180-c5\" class=\"d-block style-1455 style-local-2180-c5 position-relative h-element\">\n                  <!---->\n                  <div class=\"h-image__frame-container-outer\">\n                    <div class=\"h-image__frame-container\">\n                      <!---->\n                      <!---->\n                      <img decoding=\"async\" src=\"https:\/\/www.hoeco.fr\/wp-content\/uploads\/2023\/03\/Biganos_1.png\" class=\"style-1455-image style-local-2180-c5-image\">\n                      <div class=\"h-image__frame h-hide-lg h-hide-md h-hide-sm style-1455-frameImage style-local-2180-c5-frameImage\"><\/div>\n                    <\/div>\n                  <\/div>\n                <\/div>\n                <div data-colibri-id=\"2180-c6\" class=\"d-block style-2350 style-local-2180-c6 position-relative h-element\">\n                  <!---->\n                  <div class=\"h-image__frame-container-outer\">\n                    <div class=\"h-image__frame-container\">\n                      <!---->\n                      <!---->\n                      <img loading=\"lazy\" decoding=\"async\" width=\"2560\" height=\"1920\" src=\"https:\/\/www.hoeco.fr\/wp-content\/uploads\/2025\/03\/IMG_6265-scaled.jpg\" class=\"wp-image-3048 style-2350-image style-local-2180-c6-image\" alt=\"\" srcset=\"https:\/\/www.hoeco.fr\/wp-content\/uploads\/2025\/03\/IMG_6265-scaled.jpg 2560w, https:\/\/www.hoeco.fr\/wp-content\/uploads\/2025\/03\/IMG_6265-300x225.jpg 300w, https:\/\/www.hoeco.fr\/wp-content\/uploads\/2025\/03\/IMG_6265-1024x768.jpg 1024w, https:\/\/www.hoeco.fr\/wp-content\/uploads\/2025\/03\/IMG_6265-768x576.jpg 768w, https:\/\/www.hoeco.fr\/wp-content\/uploads\/2025\/03\/IMG_6265-1536x1152.jpg 1536w, https:\/\/www.hoeco.fr\/wp-content\/uploads\/2025\/03\/IMG_6265-2048x1536.jpg 2048w\" sizes=\"auto, (max-width: 2560px) 100vw, 2560px\" \/>\n                      <div class=\"h-image__frame h-hide-lg h-hide-md h-hide-sm style-2350-frameImage style-local-2180-c6-frameImage\"><\/div>\n                    <\/div>\n                  <\/div>\n                <\/div>\n                <div data-colibri-id=\"2180-c16\" class=\"d-block style-2351 style-local-2180-c16 position-relative h-element\">\n                  <!---->\n                  <div class=\"h-image__frame-container-outer\">\n                    <div class=\"h-image__frame-container\">\n                      <!---->\n                      <!---->\n                      <img loading=\"lazy\" decoding=\"async\" width=\"1960\" height=\"1308\" src=\"https:\/\/www.hoeco.fr\/wp-content\/uploads\/2025\/03\/BIGANOS_12.png\" class=\"wp-image-3049 style-2351-image style-local-2180-c16-image\" alt=\"\" srcset=\"https:\/\/www.hoeco.fr\/wp-content\/uploads\/2025\/03\/BIGANOS_12.png 1960w, https:\/\/www.hoeco.fr\/wp-content\/uploads\/2025\/03\/BIGANOS_12-300x200.png 300w, https:\/\/www.hoeco.fr\/wp-content\/uploads\/2025\/03\/BIGANOS_12-1024x683.png 1024w, https:\/\/www.hoeco.fr\/wp-content\/uploads\/2025\/03\/BIGANOS_12-768x513.png 768w, https:\/\/www.hoeco.fr\/wp-content\/uploads\/2025\/03\/BIGANOS_12-1536x1025.png 1536w\" sizes=\"auto, (max-width: 1960px) 100vw, 1960px\" \/>\n                      <div class=\"h-image__frame h-hide-lg h-hide-md h-hide-sm style-2351-frameImage style-local-2180-c16-frameImage\"><\/div>\n                    <\/div>\n                  <\/div>\n                <\/div>\n                <div data-colibri-id=\"2180-c15\" class=\"d-block style-2349 style-local-2180-c15 position-relative h-element\">\n                  <!---->\n                  <div class=\"h-image__frame-container-outer\">\n                    <div class=\"h-image__frame-container\">\n                      <!---->\n                      <!---->\n                      <img loading=\"lazy\" decoding=\"async\" width=\"2880\" height=\"1800\" src=\"https:\/\/www.hoeco.fr\/wp-content\/uploads\/2025\/03\/Capture-decran-2025-03-05-a-11.04.47.png\" class=\"wp-image-3007 style-2349-image style-local-2180-c15-image\" alt=\"\" srcset=\"https:\/\/www.hoeco.fr\/wp-content\/uploads\/2025\/03\/Capture-decran-2025-03-05-a-11.04.47.png 2880w, https:\/\/www.hoeco.fr\/wp-content\/uploads\/2025\/03\/Capture-decran-2025-03-05-a-11.04.47-300x188.png 300w, https:\/\/www.hoeco.fr\/wp-content\/uploads\/2025\/03\/Capture-decran-2025-03-05-a-11.04.47-1024x640.png 1024w, https:\/\/www.hoeco.fr\/wp-content\/uploads\/2025\/03\/Capture-decran-2025-03-05-a-11.04.47-768x480.png 768w, https:\/\/www.hoeco.fr\/wp-content\/uploads\/2025\/03\/Capture-decran-2025-03-05-a-11.04.47-1536x960.png 1536w, https:\/\/www.hoeco.fr\/wp-content\/uploads\/2025\/03\/Capture-decran-2025-03-05-a-11.04.47-2048x1280.png 2048w\" sizes=\"auto, (max-width: 2880px) 100vw, 2880px\" \/>\n                      <div class=\"h-image__frame h-hide-lg h-hide-md h-hide-sm style-2349-frameImage style-local-2180-c15-frameImage\"><\/div>\n                    <\/div>\n                  <\/div>\n                <\/div>\n                <div data-colibri-id=\"2180-c7\" class=\"d-block style-1456 style-local-2180-c7 position-relative h-element\">\n                  <!---->\n                  <div class=\"h-image__frame-container-outer\">\n                    <div class=\"h-image__frame-container\">\n                      <!---->\n                      <!---->\n                      <img loading=\"lazy\" decoding=\"async\" width=\"1600\" height=\"1200\" src=\"https:\/\/www.hoeco.fr\/wp-content\/uploads\/2023\/07\/331E503B-1A5F-4AEF-8851-373B7252FF2F.jpeg\" class=\"wp-image-1350 style-1456-image style-local-2180-c7-image\" alt=\"\" srcset=\"https:\/\/www.hoeco.fr\/wp-content\/uploads\/2023\/07\/331E503B-1A5F-4AEF-8851-373B7252FF2F.jpeg 1600w, https:\/\/www.hoeco.fr\/wp-content\/uploads\/2023\/07\/331E503B-1A5F-4AEF-8851-373B7252FF2F-300x225.jpeg 300w, https:\/\/www.hoeco.fr\/wp-content\/uploads\/2023\/07\/331E503B-1A5F-4AEF-8851-373B7252FF2F-1024x768.jpeg 1024w, https:\/\/www.hoeco.fr\/wp-content\/uploads\/2023\/07\/331E503B-1A5F-4AEF-8851-373B7252FF2F-768x576.jpeg 768w, https:\/\/www.hoeco.fr\/wp-content\/uploads\/2023\/07\/331E503B-1A5F-4AEF-8851-373B7252FF2F-1536x1152.jpeg 1536w\" sizes=\"auto, (max-width: 1600px) 100vw, 1600px\" \/>\n                      <div class=\"h-image__frame h-hide-lg h-hide-md h-hide-sm style-1456-frameImage style-local-2180-c7-frameImage\"><\/div>\n                    <\/div>\n                  <\/div>\n                <\/div>\n                <div data-colibri-id=\"2180-c8\" class=\"d-block style-1456 style-local-2180-c8 position-relative h-element\">\n                  <!---->\n                  <div class=\"h-image__frame-container-outer\">\n                    <div class=\"h-image__frame-container\">\n                      <!---->\n                      <!---->\n                      <img loading=\"lazy\" decoding=\"async\" width=\"1600\" height=\"1184\" src=\"https:\/\/www.hoeco.fr\/wp-content\/uploads\/2023\/07\/48DC81B4-F7F9-4CE0-917E-214DB36892A4.jpeg\" class=\"wp-image-1353 style-1456-image style-local-2180-c8-image\" alt=\"\" srcset=\"https:\/\/www.hoeco.fr\/wp-content\/uploads\/2023\/07\/48DC81B4-F7F9-4CE0-917E-214DB36892A4.jpeg 1600w, https:\/\/www.hoeco.fr\/wp-content\/uploads\/2023\/07\/48DC81B4-F7F9-4CE0-917E-214DB36892A4-300x222.jpeg 300w, https:\/\/www.hoeco.fr\/wp-content\/uploads\/2023\/07\/48DC81B4-F7F9-4CE0-917E-214DB36892A4-1024x758.jpeg 1024w, https:\/\/www.hoeco.fr\/wp-content\/uploads\/2023\/07\/48DC81B4-F7F9-4CE0-917E-214DB36892A4-768x568.jpeg 768w, https:\/\/www.hoeco.fr\/wp-content\/uploads\/2023\/07\/48DC81B4-F7F9-4CE0-917E-214DB36892A4-1536x1137.jpeg 1536w\" sizes=\"auto, (max-width: 1600px) 100vw, 1600px\" \/>\n                      <div class=\"h-image__frame h-hide-lg h-hide-md h-hide-sm style-1456-frameImage style-local-2180-c8-frameImage\"><\/div>\n                    <\/div>\n                  <\/div>\n                <\/div>\n              <\/div>\n            <\/div>\n          <\/div>\n          <div class=\"h-column h-column-container d-flex h-col-lg-auto h-col-md-auto h-col-auto style-1457-outer style-local-2180-c10-outer\">\n            <div data-colibri-id=\"2180-c10\" class=\"d-flex h-flex-basis h-column__inner h-px-lg-2 h-px-md-2 h-px-2 v-inner-lg-2 v-inner-md-2 v-inner-2 style-1457 style-local-2180-c10 position-relative\">\n              <!---->\n              <!---->\n              <div class=\"w-100 h-y-container h-column__content h-column__v-align flex-basis-100 align-self-lg-start align-self-md-start align-self-start\">\n                <!---->\n                <div data-colibri-id=\"2180-c11\" class=\"h-global-transition-all h-heading style-1458 style-local-2180-c11 position-relative h-element\">\n                  <!---->\n                  <div class=\"h-heading__outer style-1458 style-local-2180-c11\">\n                    <!---->\n                    <!---->\n                    <h4 class=\"\">Biganos, Le Chahut<\/h4>\n                  <\/div>\n                <\/div>\n                <div data-colibri-id=\"2180-c12\" class=\"h-text h-text-component style-1459 style-local-2180-c12 position-relative h-element\">\n                  <!---->\n                  <!---->\n                  <div class=\"\">\n                    <p>Construction d&rsquo;un tiers lieu citoyen \u00ab\u00a0Le Chahut\u00a0\u00bb<\/p>\n                  <\/div>\n                <\/div>\n                <div data-colibri-id=\"2180-c13\" class=\"h-text h-text-component style-1460 style-local-2180-c13 position-relative h-element\">\n                  <!---->\n                  <!---->\n                  <div class=\"\">\n                    <p><span style=\"font-weight: 700;\">Ma\u00eetre d&rsquo;ouvrage<\/span><\/p>\n                    <p>Ville de Biganos<\/p>\n                    <p><span style=\"font-weight: 700;\">Con\u00e7u par<\/span><\/p>\n                    <p>Lo\u00efc JULIENNE (Construire)<\/p>\n                  <\/div>\n                <\/div>\n                <div data-colibri-id=\"2180-c14\" class=\"h-text h-text-component style-1461 style-local-2180-c14 position-relative h-element\">\n                  <!---->\n                  <!---->\n                  <div class=\"\">\n                    <p><span style=\"font-weight: 700;\">Les \u00e9quipes&nbsp;<\/span>\n                      <br><span style=\"color: rgb(23, 37, 42); font-family: &quot;Open Sans&quot;; font-size: 11px; font-weight: 400;\">BA BOIS (Structure bois)<br>LIGNE BE (Structure b\u00e9ton)<br>SERVICAD SO (VRD)<br>LA TALVERA (Paysagiste)<br>\u00c9TAMINE (Environnement)<br>T&amp;E Ing\u00e9nierie (Fluides)<br>ACOUSTEX (Acoustique)<br>CONSTANCE GUISSET DESIGN (Design mobilier)<br>C-ALBUM (Signal\u00e9tique)<br>BEGC (Cuisine)<br>NAMIXIS (SSI)<\/span>\n                      <span\n                        style=\"font-weight: 400;\">\n                        <br>\n                        <\/span>\n                    <\/p>\n                    <p><span style=\"font-weight: 700;\">Missions r\u00e9alis\u00e9es par HOECO<\/span>\n                      <br>\u00c9conomie de la construction, DET Partiel, OPC<\/p>\n                    <p><span style=\"font-weight: 700;\">Montant des travaux<\/span>\n                      <br>7.210.000\u20ac HT<\/p>\n                    <p><span style=\"font-weight: 700;\">Surface<\/span>\n                      <br>3.183m\n                      <sup>2<\/sup>\n                    <\/p>\n                    <p><span style=\"font-weight: 700;\">Quand?<\/span>\n                      <br>AO Janvier 2024, R\u00e9alisation 2024-2025<\/p>\n                    <p><span style=\"font-weight: 600;\">Performance<\/span>\n                      <br>HQH, Projet \u00e9cocitoyen, RT2012<\/p>\n                  <\/div>\n                <\/div>\n              <\/div>\n            <\/div>\n          <\/div>\n        <\/div>\n      <\/div>\n    <\/div>\n  <\/div>\n<\/div>","protected":false},"excerpt":{"rendered":"<p>Biganos, Le Chahut Construction d&rsquo;un tiers lieu citoyen \u00ab\u00a0Le Chahut\u00a0\u00bb Ma\u00eetre d&rsquo;ouvrage Ville de Biganos Con\u00e7u par Lo\u00efc JULIENNE (Construire) Les \u00e9quipes&nbsp; BA BOIS (Structure bois)LIGNE BE (Structure b\u00e9ton)SERVICAD SO (VRD)LA TALVERA (Paysagiste)\u00c9TAMINE (Environnement)T&amp;E Ing\u00e9nierie (Fluides)ACOUSTEX (Acoustique)CONSTANCE GUISSET DESIGN (Design mobilier)C-ALBUM (Signal\u00e9tique)BEGC (Cuisine)NAMIXIS (SSI) Missions r\u00e9alis\u00e9es par HOECO \u00c9conomie de la construction, DET Partiel, OPC [&hellip;]<\/p>\n","protected":false},"author":1,"featured_media":0,"parent":0,"menu_order":0,"comment_status":"closed","ping_status":"closed","template":"page-templates\/full-width-page.php","meta":{"footnotes":""},"class_list":["post-2180","page","type-page","status-publish","hentry"],"_links":{"self":[{"href":"https:\/\/www.hoeco.fr\/index.php?rest_route=\/wp\/v2\/pages\/2180","targetHints":{"allow":["GET"]}}],"collection":[{"href":"https:\/\/www.hoeco.fr\/index.php?rest_route=\/wp\/v2\/pages"}],"about":[{"href":"https:\/\/www.hoeco.fr\/index.php?rest_route=\/wp\/v2\/types\/page"}],"author":[{"embeddable":true,"href":"https:\/\/www.hoeco.fr\/index.php?rest_route=\/wp\/v2\/users\/1"}],"replies":[{"embeddable":true,"href":"https:\/\/www.hoeco.fr\/index.php?rest_route=%2Fwp%2Fv2%2Fcomments&post=2180"}],"version-history":[{"count":4,"href":"https:\/\/www.hoeco.fr\/index.php?rest_route=\/wp\/v2\/pages\/2180\/revisions"}],"predecessor-version":[{"id":3051,"href":"https:\/\/www.hoeco.fr\/index.php?rest_route=\/wp\/v2\/pages\/2180\/revisions\/3051"}],"wp:attachment":[{"href":"https:\/\/www.hoeco.fr\/index.php?rest_route=%2Fwp%2Fv2%2Fmedia&parent=2180"}],"curies":[{"name":"wp","href":"https:\/\/api.w.org\/{rel}","templated":true}]}}