{"id":2178,"date":"2025-01-13T14:59:33","date_gmt":"2025-01-13T13:59:33","guid":{"rendered":"https:\/\/www.hoeco.fr\/?page_id=2178"},"modified":"2025-01-16T08:23:28","modified_gmt":"2025-01-16T07:23:28","slug":"la-manufacture-des-tabacs","status":"publish","type":"page","link":"https:\/\/www.hoeco.fr\/?page_id=2178","title":{"rendered":"LA MANUFACTURE DES TABACS"},"content":{"rendered":"<div data-colibri-id=\"2178-c1\" class=\"style-1440 style-local-2178-c1 position-relative\">\n  <!---->\n  <div data-colibri-component=\"section\" data-colibri-id=\"2178-c2\" id=\"reusable-sections\" class=\"h-section h-section-global-spacing d-flex align-items-lg-center align-items-md-center align-items-center style-1441 style-local-2178-c2 position-relative\">\n    <!---->\n    <!---->\n    <div class=\"h-section-grid-container h-section-fluid-container\">\n      <!---->\n      <div data-colibri-id=\"2178-c3\" class=\"h-row-container gutters-row-lg-0 gutters-row-md-0 gutters-row-0 gutters-row-v-lg-0 gutters-row-v-md-0 gutters-row-v-0 style-1442 style-local-2178-c3 position-relative\">\n        <!---->\n        <div class=\"h-row justify-content-lg-center justify-content-md-center justify-content-center align-items-lg-stretch align-items-md-stretch align-items-stretch gutters-col-lg-0 gutters-col-md-0 gutters-col-0 gutters-col-v-lg-0 gutters-col-v-md-0 gutters-col-v-0\">\n          <!---->\n          <div class=\"h-column h-column-container d-flex h-col-lg-auto h-col-md-auto h-col-auto style-1443-outer style-local-2178-c4-outer\">\n            <div data-colibri-id=\"2178-c4\" class=\"d-flex h-flex-basis h-column__inner h-px-lg-2 h-px-md-2 h-px-2 v-inner-lg-2 v-inner-md-2 v-inner-2 style-1443 style-local-2178-c4 position-relative\">\n              <!---->\n              <!---->\n              <div class=\"w-100 h-y-container h-column__content h-column__v-align flex-basis-100 align-self-lg-start align-self-md-start align-self-start\">\n                <!---->\n                <div data-colibri-id=\"2178-c5\" class=\"d-block style-1444 style-local-2178-c5 position-relative h-element\">\n                  <!---->\n                  <div class=\"h-image__frame-container-outer\">\n                    <div class=\"h-image__frame-container\">\n                      <!---->\n                      <!---->\n                      <img loading=\"lazy\" decoding=\"async\" width=\"994\" height=\"664\" src=\"https:\/\/www.hoeco.fr\/wp-content\/uploads\/2022\/07\/CONSTRUIRE_MANUFACTURE-4.png\" class=\"wp-image-324 style-1444-image style-local-2178-c5-image\" alt=\"\" srcset=\"https:\/\/www.hoeco.fr\/wp-content\/uploads\/2022\/07\/CONSTRUIRE_MANUFACTURE-4.png 994w, https:\/\/www.hoeco.fr\/wp-content\/uploads\/2022\/07\/CONSTRUIRE_MANUFACTURE-4-300x200.png 300w, https:\/\/www.hoeco.fr\/wp-content\/uploads\/2022\/07\/CONSTRUIRE_MANUFACTURE-4-768x513.png 768w\" sizes=\"auto, (max-width: 994px) 100vw, 994px\" \/>\n                      <div class=\"h-image__frame h-hide-lg h-hide-md h-hide-sm style-1444-frameImage style-local-2178-c5-frameImage\"><\/div>\n                    <\/div>\n                  <\/div>\n                <\/div>\n                <div data-colibri-id=\"2178-c6\" class=\"d-block style-1445 style-local-2178-c6 position-relative h-element\">\n                  <!---->\n                  <div class=\"h-image__frame-container-outer\">\n                    <div class=\"h-image__frame-container\">\n                      <!---->\n                      <!---->\n                      <img loading=\"lazy\" decoding=\"async\" width=\"1200\" height=\"898\" src=\"https:\/\/www.hoeco.fr\/wp-content\/uploads\/2022\/07\/CONSTRUIRE_MANUFACTURE-1.png\" class=\"wp-image-321 style-1445-image style-local-2178-c6-image\" alt=\"\" srcset=\"https:\/\/www.hoeco.fr\/wp-content\/uploads\/2022\/07\/CONSTRUIRE_MANUFACTURE-1.png 1200w, https:\/\/www.hoeco.fr\/wp-content\/uploads\/2022\/07\/CONSTRUIRE_MANUFACTURE-1-300x225.png 300w, https:\/\/www.hoeco.fr\/wp-content\/uploads\/2022\/07\/CONSTRUIRE_MANUFACTURE-1-1024x766.png 1024w, https:\/\/www.hoeco.fr\/wp-content\/uploads\/2022\/07\/CONSTRUIRE_MANUFACTURE-1-768x575.png 768w\" sizes=\"auto, (max-width: 1200px) 100vw, 1200px\" \/>\n                      <div class=\"h-image__frame h-hide-lg h-hide-md h-hide-sm style-1445-frameImage style-local-2178-c6-frameImage\"><\/div>\n                    <\/div>\n                  <\/div>\n                <\/div>\n                <div data-colibri-id=\"2178-c7\" class=\"d-block style-1445 style-local-2178-c7 position-relative h-element\">\n                  <!---->\n                  <div class=\"h-image__frame-container-outer\">\n                    <div class=\"h-image__frame-container\">\n                      <!---->\n                      <!---->\n                      <img loading=\"lazy\" decoding=\"async\" width=\"1200\" height=\"796\" src=\"https:\/\/www.hoeco.fr\/wp-content\/uploads\/2022\/07\/CONSTRUIRE_MANUFACTURE-3.png\" class=\"wp-image-323 style-1445-image style-local-2178-c7-image\" alt=\"\" srcset=\"https:\/\/www.hoeco.fr\/wp-content\/uploads\/2022\/07\/CONSTRUIRE_MANUFACTURE-3.png 1200w, https:\/\/www.hoeco.fr\/wp-content\/uploads\/2022\/07\/CONSTRUIRE_MANUFACTURE-3-300x199.png 300w, https:\/\/www.hoeco.fr\/wp-content\/uploads\/2022\/07\/CONSTRUIRE_MANUFACTURE-3-1024x679.png 1024w, https:\/\/www.hoeco.fr\/wp-content\/uploads\/2022\/07\/CONSTRUIRE_MANUFACTURE-3-768x509.png 768w\" sizes=\"auto, (max-width: 1200px) 100vw, 1200px\" \/>\n                      <div class=\"h-image__frame h-hide-lg h-hide-md h-hide-sm style-1445-frameImage style-local-2178-c7-frameImage\"><\/div>\n                    <\/div>\n                  <\/div>\n                <\/div>\n                <div data-colibri-id=\"2178-c8\" class=\"d-block style-1445 style-local-2178-c8 position-relative h-element\">\n                  <!---->\n                  <div class=\"h-image__frame-container-outer\">\n                    <div class=\"h-image__frame-container\">\n                      <!---->\n                      <!---->\n                      <img loading=\"lazy\" decoding=\"async\" width=\"908\" height=\"576\" src=\"https:\/\/www.hoeco.fr\/wp-content\/uploads\/2022\/07\/Morlaix_1.png\" class=\"wp-image-255 style-1445-image style-local-2178-c8-image\" alt=\"\" srcset=\"https:\/\/www.hoeco.fr\/wp-content\/uploads\/2022\/07\/Morlaix_1.png 908w, https:\/\/www.hoeco.fr\/wp-content\/uploads\/2022\/07\/Morlaix_1-300x190.png 300w, https:\/\/www.hoeco.fr\/wp-content\/uploads\/2022\/07\/Morlaix_1-768x487.png 768w\" sizes=\"auto, (max-width: 908px) 100vw, 908px\" \/>\n                      <div class=\"h-image__frame h-hide-lg h-hide-md h-hide-sm style-1445-frameImage style-local-2178-c8-frameImage\"><\/div>\n                    <\/div>\n                  <\/div>\n                <\/div>\n                <div data-colibri-id=\"2178-c9\" class=\"d-block style-1445 style-local-2178-c9 position-relative h-element\">\n                  <!---->\n                  <div class=\"h-image__frame-container-outer\">\n                    <div class=\"h-image__frame-container\">\n                      <!---->\n                      <!---->\n                      <img loading=\"lazy\" decoding=\"async\" width=\"1200\" height=\"796\" src=\"https:\/\/www.hoeco.fr\/wp-content\/uploads\/2022\/07\/CONSTRUIRE_MANUFACTURE-2.png\" class=\"wp-image-322 style-1445-image style-local-2178-c9-image\" alt=\"\" srcset=\"https:\/\/www.hoeco.fr\/wp-content\/uploads\/2022\/07\/CONSTRUIRE_MANUFACTURE-2.png 1200w, https:\/\/www.hoeco.fr\/wp-content\/uploads\/2022\/07\/CONSTRUIRE_MANUFACTURE-2-300x199.png 300w, https:\/\/www.hoeco.fr\/wp-content\/uploads\/2022\/07\/CONSTRUIRE_MANUFACTURE-2-1024x679.png 1024w, https:\/\/www.hoeco.fr\/wp-content\/uploads\/2022\/07\/CONSTRUIRE_MANUFACTURE-2-768x509.png 768w\" sizes=\"auto, (max-width: 1200px) 100vw, 1200px\" \/>\n                      <div class=\"h-image__frame h-hide-lg h-hide-md h-hide-sm style-1445-frameImage style-local-2178-c9-frameImage\"><\/div>\n                    <\/div>\n                  <\/div>\n                <\/div>\n                <div data-colibri-id=\"2178-c10\" class=\"d-block style-1445 style-local-2178-c10 position-relative h-element\">\n                  <!---->\n                  <div class=\"h-image__frame-container-outer\">\n                    <div class=\"h-image__frame-container\">\n                      <!---->\n                      <!---->\n                      <img loading=\"lazy\" decoding=\"async\" width=\"616\" height=\"881\" src=\"https:\/\/www.hoeco.fr\/wp-content\/uploads\/2023\/07\/LJ_SEcW-8.png\" class=\"wp-image-1499 style-1445-image style-local-2178-c10-image\" alt=\"\" srcset=\"https:\/\/www.hoeco.fr\/wp-content\/uploads\/2023\/07\/LJ_SEcW-8.png 616w, https:\/\/www.hoeco.fr\/wp-content\/uploads\/2023\/07\/LJ_SEcW-8-210x300.png 210w\" sizes=\"auto, (max-width: 616px) 100vw, 616px\" \/>\n                      <div class=\"h-image__frame h-hide-lg h-hide-md h-hide-sm style-1445-frameImage style-local-2178-c10-frameImage\"><\/div>\n                    <\/div>\n                  <\/div>\n                <\/div>\n                <div data-colibri-id=\"2178-c11\" class=\"d-block style-1445 style-local-2178-c11 position-relative h-element\">\n                  <!---->\n                  <div class=\"h-image__frame-container-outer\">\n                    <div class=\"h-image__frame-container\">\n                      <!---->\n                      <!---->\n                      <img loading=\"lazy\" decoding=\"async\" width=\"613\" height=\"408\" src=\"https:\/\/www.hoeco.fr\/wp-content\/uploads\/2023\/07\/LJ_SEcW-12.png\" class=\"wp-image-1503 style-1445-image style-local-2178-c11-image\" alt=\"\" srcset=\"https:\/\/www.hoeco.fr\/wp-content\/uploads\/2023\/07\/LJ_SEcW-12.png 613w, https:\/\/www.hoeco.fr\/wp-content\/uploads\/2023\/07\/LJ_SEcW-12-300x200.png 300w\" sizes=\"auto, (max-width: 613px) 100vw, 613px\" \/>\n                      <div class=\"h-image__frame h-hide-lg h-hide-md h-hide-sm style-1445-frameImage style-local-2178-c11-frameImage\"><\/div>\n                    <\/div>\n                  <\/div>\n                <\/div>\n                <div data-colibri-id=\"2178-c12\" class=\"d-block style-1445 style-local-2178-c12 position-relative h-element\">\n                  <!---->\n                  <div class=\"h-image__frame-container-outer\">\n                    <div class=\"h-image__frame-container\">\n                      <!---->\n                      <!---->\n                      <img loading=\"lazy\" decoding=\"async\" width=\"614\" height=\"405\" src=\"https:\/\/www.hoeco.fr\/wp-content\/uploads\/2023\/07\/LJ_SEcW-9.png\" class=\"wp-image-1500 style-1445-image style-local-2178-c12-image\" alt=\"\" srcset=\"https:\/\/www.hoeco.fr\/wp-content\/uploads\/2023\/07\/LJ_SEcW-9.png 614w, https:\/\/www.hoeco.fr\/wp-content\/uploads\/2023\/07\/LJ_SEcW-9-300x198.png 300w\" sizes=\"auto, (max-width: 614px) 100vw, 614px\" \/>\n                      <div class=\"h-image__frame h-hide-lg h-hide-md h-hide-sm style-1445-frameImage style-local-2178-c12-frameImage\"><\/div>\n                    <\/div>\n                  <\/div>\n                <\/div>\n              <\/div>\n            <\/div>\n          <\/div>\n          <div class=\"h-column h-column-container d-flex h-col-lg-auto h-col-md-auto h-col-auto style-1446-outer style-local-2178-c13-outer\">\n            <div data-colibri-id=\"2178-c13\" class=\"d-flex h-flex-basis h-column__inner h-px-lg-2 h-px-md-2 h-px-2 v-inner-lg-2 v-inner-md-2 v-inner-2 style-1446 style-local-2178-c13 position-relative\">\n              <!---->\n              <!---->\n              <div class=\"w-100 h-y-container h-column__content h-column__v-align flex-basis-100 align-self-lg-start align-self-md-start align-self-start\">\n                <!---->\n                <div data-colibri-id=\"2178-c14\" class=\"h-global-transition-all h-heading style-1447 style-local-2178-c14 position-relative h-element\">\n                  <!---->\n                  <div class=\"h-heading__outer style-1447 style-local-2178-c14\">\n                    <!---->\n                    <!---->\n                    <h4 class=\"\">B\u00e2timent class\u00e9 Monument Historique (MH)<\/h4>\n                  <\/div>\n                <\/div>\n                <div data-colibri-id=\"2178-c15\" class=\"h-text h-text-component style-1448 style-local-2178-c15 position-relative h-element\">\n                  <!---->\n                  <!---->\n                  <div class=\"\">\n                    <p>Am\u00e9nagement d&rsquo;une partie de l&rsquo;ancienne Manufacture des Tabacs (MH) en espace culturel : une salle de spectacle, trois salles de cin\u00e9ma, trois studios de r\u00e9p\u00e9tition, un restaurant, une librairie, un bar, des bureaux<\/p>\n                  <\/div>\n                <\/div>\n                <div data-colibri-id=\"2178-c16\" class=\"h-text h-text-component style-1449 style-local-2178-c16 position-relative h-element\">\n                  <!---->\n                  <!---->\n                  <div class=\"\">\n                    <p><span style=\"font-weight: 700;\">Ma\u00eetre d&rsquo;ouvrage<\/span><\/p>\n                    <p>SE\/cW<\/p>\n                    <p><span style=\"font-weight: 700;\">Con\u00e7u par<\/span><\/p>\n                    <p>Lo\u00efc JULIENNE (Construire)\n                      <br>Am\u00e9lie LOISEL (LAAB)<\/p>\n                  <\/div>\n                <\/div>\n                <div data-colibri-id=\"2178-c17\" class=\"h-text h-text-component style-1450 style-local-2178-c17 position-relative h-element\">\n                  <!---->\n                  <!---->\n                  <div class=\"\">\n                    <p><span style=\"font-weight: 700;\">Les \u00e9quipes&nbsp;<\/span><span style=\"color: rgb(23, 37, 42); font-family: &quot;Open Sans&quot;; font-size: 12px; font-weight: 400;\"><br><\/span><span style=\"color: rgb(0, 0, 0); font-family: &quot;Open Sans&quot;; font-size: 11px; font-weight: 400;\">Alice P\u00c9RIOT (Cheffe de projet) <br>Giulia TELLIER (Permanence architecturale)<br>Melina LUCAS (Bois)<br>Patrick LEROUX (B\u00e9ton)<br>T&amp;E Ing\u00e9nierie (Fluides)<br>Sylvain DEVAUX (Acousticien)<br>Daniel SOURT (Sc\u00e9nographe)<br>Eric LECHAT (Cuisine)<br>Vivian COURDE (Bureau de contr\u00f4le)<\/span><\/p>\n                    <p><span style=\"font-weight: 700;\">Missions r\u00e9alis\u00e9es par HOECO<\/span>\n                      <br>\u00c9conomie de la construction, DET Partiel, OPC<\/p>\n                    <p><span style=\"font-weight: 700;\">Montant des travaux<\/span>\n                      <br>7.300.000\u20ac HT<\/p>\n                    <p><span style=\"font-weight: 700;\">Surface<\/span>\n                      <br>4.700m\n                      <sup>2<\/sup>\n                    <\/p>\n                    <p><span style=\"font-weight: 700;\">Quand?<\/span>\n                      <br>Livr\u00e9e au printemps 2021<\/p>\n                    <p><span style=\"font-weight: 700;\">Performance<\/span>\n                      <br>HQH<\/p>\n                  <\/div>\n                <\/div>\n              <\/div>\n            <\/div>\n          <\/div>\n        <\/div>\n      <\/div>\n    <\/div>\n  <\/div>\n<\/div>","protected":false},"excerpt":{"rendered":"<p>B\u00e2timent class\u00e9 Monument Historique (MH) Am\u00e9nagement d&rsquo;une partie de l&rsquo;ancienne Manufacture des Tabacs (MH) en espace culturel : une salle de spectacle, trois salles de cin\u00e9ma, trois studios de r\u00e9p\u00e9tition, un restaurant, une librairie, un bar, des bureaux Ma\u00eetre d&rsquo;ouvrage SE\/cW Con\u00e7u par Lo\u00efc JULIENNE (Construire) Am\u00e9lie LOISEL (LAAB) Les \u00e9quipes&nbsp;Alice P\u00c9RIOT (Cheffe de projet) [&hellip;]<\/p>\n","protected":false},"author":1,"featured_media":0,"parent":0,"menu_order":0,"comment_status":"closed","ping_status":"closed","template":"page-templates\/full-width-page.php","meta":{"footnotes":""},"class_list":["post-2178","page","type-page","status-publish","hentry"],"_links":{"self":[{"href":"https:\/\/www.hoeco.fr\/index.php?rest_route=\/wp\/v2\/pages\/2178","targetHints":{"allow":["GET"]}}],"collection":[{"href":"https:\/\/www.hoeco.fr\/index.php?rest_route=\/wp\/v2\/pages"}],"about":[{"href":"https:\/\/www.hoeco.fr\/index.php?rest_route=\/wp\/v2\/types\/page"}],"author":[{"embeddable":true,"href":"https:\/\/www.hoeco.fr\/index.php?rest_route=\/wp\/v2\/users\/1"}],"replies":[{"embeddable":true,"href":"https:\/\/www.hoeco.fr\/index.php?rest_route=%2Fwp%2Fv2%2Fcomments&post=2178"}],"version-history":[{"count":2,"href":"https:\/\/www.hoeco.fr\/index.php?rest_route=\/wp\/v2\/pages\/2178\/revisions"}],"predecessor-version":[{"id":2295,"href":"https:\/\/www.hoeco.fr\/index.php?rest_route=\/wp\/v2\/pages\/2178\/revisions\/2295"}],"wp:attachment":[{"href":"https:\/\/www.hoeco.fr\/index.php?rest_route=%2Fwp%2Fv2%2Fmedia&parent=2178"}],"curies":[{"name":"wp","href":"https:\/\/api.w.org\/{rel}","templated":true}]}}