{"id":2175,"date":"2025-01-13T14:37:46","date_gmt":"2025-01-13T13:37:46","guid":{"rendered":"https:\/\/www.hoeco.fr\/?page_id=2175"},"modified":"2025-01-21T10:02:07","modified_gmt":"2025-01-21T09:02:07","slug":"la-sirene-salle-de-musiques-actuelles-la-rochelle-copy","status":"publish","type":"page","link":"https:\/\/www.hoeco.fr\/?page_id=2175","title":{"rendered":"LA SIR\u00c8NE, SALLE DE MUSIQUES ACTUELLES &#8211; LA ROCHELLE&#8211;copy"},"content":{"rendered":"<div data-colibri-id=\"2175-c1\" class=\"style-1407 style-local-2175-c1 position-relative\">\n  <!---->\n  <div data-colibri-component=\"section\" data-colibri-id=\"2175-c2\" id=\"reusable-sections\" class=\"h-section h-section-global-spacing d-flex align-items-lg-center align-items-md-center align-items-center style-1408 style-local-2175-c2 position-relative\">\n    <!---->\n    <!---->\n    <div class=\"h-section-grid-container h-section-fluid-container\">\n      <!---->\n      <div data-colibri-id=\"2175-c3\" class=\"h-row-container gutters-row-lg-0 gutters-row-md-0 gutters-row-0 gutters-row-v-lg-0 gutters-row-v-md-0 gutters-row-v-0 style-1409 style-local-2175-c3 position-relative\">\n        <!---->\n        <div class=\"h-row justify-content-lg-center justify-content-md-center justify-content-center align-items-lg-stretch align-items-md-stretch align-items-stretch gutters-col-lg-0 gutters-col-md-0 gutters-col-0 gutters-col-v-lg-0 gutters-col-v-md-0 gutters-col-v-0\">\n          <!---->\n          <div class=\"h-column h-column-container d-flex h-col-lg-auto h-col-md-auto h-col-auto style-1410-outer style-local-2175-c4-outer\">\n            <div data-colibri-id=\"2175-c4\" class=\"d-flex h-flex-basis h-column__inner h-px-lg-2 h-px-md-2 h-px-2 v-inner-lg-2 v-inner-md-2 v-inner-2 style-1410 style-local-2175-c4 position-relative\">\n              <!---->\n              <!---->\n              <div class=\"w-100 h-y-container h-column__content h-column__v-align flex-basis-100 align-self-lg-start align-self-md-start align-self-start\">\n                <!---->\n                <div data-colibri-id=\"2175-c5\" class=\"d-block style-1411 style-local-2175-c5 position-relative h-element\">\n                  <!---->\n                  <div class=\"h-image__frame-container-outer\">\n                    <div class=\"h-image__frame-container\">\n                      <!---->\n                      <!---->\n                      <img loading=\"lazy\" decoding=\"async\" width=\"1000\" height=\"625\" src=\"https:\/\/www.hoeco.fr\/wp-content\/uploads\/2022\/07\/La-Sirene_4.jpg\" class=\"wp-image-253 style-1411-image style-local-2175-c5-image\" alt=\"\" srcset=\"https:\/\/www.hoeco.fr\/wp-content\/uploads\/2022\/07\/La-Sirene_4.jpg 1000w, https:\/\/www.hoeco.fr\/wp-content\/uploads\/2022\/07\/La-Sirene_4-300x188.jpg 300w, https:\/\/www.hoeco.fr\/wp-content\/uploads\/2022\/07\/La-Sirene_4-768x480.jpg 768w\" sizes=\"auto, (max-width: 1000px) 100vw, 1000px\" \/>\n                      <div class=\"h-image__frame h-hide-lg h-hide-md h-hide-sm style-1411-frameImage style-local-2175-c5-frameImage\"><\/div>\n                    <\/div>\n                  <\/div>\n                <\/div>\n                <div data-colibri-id=\"2175-c6\" class=\"d-block style-1412 style-local-2175-c6 position-relative h-element\">\n                  <!---->\n                  <div class=\"h-image__frame-container-outer\">\n                    <div class=\"h-image__frame-container\">\n                      <!---->\n                      <!---->\n                      <img loading=\"lazy\" decoding=\"async\" width=\"1000\" height=\"500\" src=\"https:\/\/www.hoeco.fr\/wp-content\/uploads\/2022\/07\/COMPARCHI_SIRENE-3.jpeg\" class=\"wp-image-319 style-1412-image style-local-2175-c6-image\" alt=\"\" srcset=\"https:\/\/www.hoeco.fr\/wp-content\/uploads\/2022\/07\/COMPARCHI_SIRENE-3.jpeg 1000w, https:\/\/www.hoeco.fr\/wp-content\/uploads\/2022\/07\/COMPARCHI_SIRENE-3-300x150.jpeg 300w, https:\/\/www.hoeco.fr\/wp-content\/uploads\/2022\/07\/COMPARCHI_SIRENE-3-768x384.jpeg 768w\" sizes=\"auto, (max-width: 1000px) 100vw, 1000px\" \/>\n                      <div class=\"h-image__frame h-hide-lg h-hide-md h-hide-sm style-1412-frameImage style-local-2175-c6-frameImage\"><\/div>\n                    <\/div>\n                  <\/div>\n                <\/div>\n                <div data-colibri-id=\"2175-c7\" class=\"d-block style-1412 style-local-2175-c7 position-relative h-element\">\n                  <!---->\n                  <div class=\"h-image__frame-container-outer\">\n                    <div class=\"h-image__frame-container\">\n                      <!---->\n                      <!---->\n                      <img loading=\"lazy\" decoding=\"async\" width=\"630\" height=\"414\" src=\"https:\/\/www.hoeco.fr\/wp-content\/uploads\/2023\/07\/CB_SIRENE-1.png\" class=\"wp-image-1488 style-1412-image style-local-2175-c7-image\" alt=\"\" srcset=\"https:\/\/www.hoeco.fr\/wp-content\/uploads\/2023\/07\/CB_SIRENE-1.png 630w, https:\/\/www.hoeco.fr\/wp-content\/uploads\/2023\/07\/CB_SIRENE-1-300x197.png 300w\" sizes=\"auto, (max-width: 630px) 100vw, 630px\" \/>\n                      <div class=\"h-image__frame h-hide-lg h-hide-md h-hide-sm style-1412-frameImage style-local-2175-c7-frameImage\"><\/div>\n                    <\/div>\n                  <\/div>\n                <\/div>\n                <div data-colibri-id=\"2175-c8\" class=\"d-block style-1412 style-local-2175-c8 position-relative h-element\">\n                  <!---->\n                  <div class=\"h-image__frame-container-outer\">\n                    <div class=\"h-image__frame-container\">\n                      <!---->\n                      <!---->\n                      <img loading=\"lazy\" decoding=\"async\" width=\"897\" height=\"710\" src=\"https:\/\/www.hoeco.fr\/wp-content\/uploads\/2022\/07\/COMPARCHI_SIRENE-2.png\" class=\"wp-image-318 style-1412-image style-local-2175-c8-image\" alt=\"\" srcset=\"https:\/\/www.hoeco.fr\/wp-content\/uploads\/2022\/07\/COMPARCHI_SIRENE-2.png 897w, https:\/\/www.hoeco.fr\/wp-content\/uploads\/2022\/07\/COMPARCHI_SIRENE-2-300x237.png 300w, https:\/\/www.hoeco.fr\/wp-content\/uploads\/2022\/07\/COMPARCHI_SIRENE-2-768x608.png 768w\" sizes=\"auto, (max-width: 897px) 100vw, 897px\" \/>\n                      <div class=\"h-image__frame h-hide-lg h-hide-md h-hide-sm style-1412-frameImage style-local-2175-c8-frameImage\"><\/div>\n                    <\/div>\n                  <\/div>\n                <\/div>\n                <div data-colibri-id=\"2175-c9\" class=\"d-block style-1412 style-local-2175-c9 position-relative h-element\">\n                  <!---->\n                  <div class=\"h-image__frame-container-outer\">\n                    <div class=\"h-image__frame-container\">\n                      <!---->\n                      <!---->\n                      <img loading=\"lazy\" decoding=\"async\" width=\"930\" height=\"620\" src=\"https:\/\/www.hoeco.fr\/wp-content\/uploads\/2022\/07\/COMPARCHI_SIRENE-1.jpeg\" class=\"wp-image-317 style-1412-image style-local-2175-c9-image\" alt=\"\" srcset=\"https:\/\/www.hoeco.fr\/wp-content\/uploads\/2022\/07\/COMPARCHI_SIRENE-1.jpeg 930w, https:\/\/www.hoeco.fr\/wp-content\/uploads\/2022\/07\/COMPARCHI_SIRENE-1-300x200.jpeg 300w, https:\/\/www.hoeco.fr\/wp-content\/uploads\/2022\/07\/COMPARCHI_SIRENE-1-768x512.jpeg 768w\" sizes=\"auto, (max-width: 930px) 100vw, 930px\" \/>\n                      <div class=\"h-image__frame h-hide-lg h-hide-md h-hide-sm style-1412-frameImage style-local-2175-c9-frameImage\"><\/div>\n                    <\/div>\n                  <\/div>\n                <\/div>\n              <\/div>\n            <\/div>\n          <\/div>\n          <div class=\"h-column h-column-container d-flex h-col-lg-auto h-col-md-auto h-col-auto style-1413-outer style-local-2175-c10-outer\">\n            <div data-colibri-id=\"2175-c10\" class=\"d-flex h-flex-basis h-column__inner h-px-lg-2 h-px-md-2 h-px-2 v-inner-lg-2 v-inner-md-2 v-inner-2 style-1413 style-local-2175-c10 position-relative\">\n              <!---->\n              <!---->\n              <div class=\"w-100 h-y-container h-column__content h-column__v-align flex-basis-100 align-self-lg-start align-self-md-start align-self-start\">\n                <!---->\n                <div data-colibri-id=\"2175-c11\" class=\"h-global-transition-all h-heading style-1414 style-local-2175-c11 position-relative h-element\">\n                  <!---->\n                  <div class=\"h-heading__outer style-1414 style-local-2175-c11\">\n                    <!---->\n                    <!---->\n                    <h4 class=\"\">R\u00e9habilitation d&rsquo;un ancien hangar aux douanes en Espace de Musiques Actuelles (EMA<\/h4>\n                  <\/div>\n                <\/div>\n                <div data-colibri-id=\"2175-c12\" class=\"h-text h-text-component style-1415 style-local-2175-c12 position-relative h-element\">\n                  <!---->\n                  <!---->\n                  <div class=\"\">\n                    <p>Salle de concert de 1500 places, club, studios d&rsquo;enregistrement, bars et bureaux<\/p>\n                  <\/div>\n                <\/div>\n                <div data-colibri-id=\"2175-c13\" class=\"h-text h-text-component style-1416 style-local-2175-c13 position-relative h-element\">\n                  <!---->\n                  <!---->\n                  <div class=\"\">\n                    <p><span style=\"font-weight: 700;\">Ma\u00eetre d&rsquo;ouvrage<\/span><\/p>\n                    <p>La Communaut\u00e9 d&rsquo;Agglom\u00e9ration de La Rochelle\n                      <br>Association XLR<\/p>\n                    <p><span style=\"font-weight: 700;\">Con\u00e7u par<\/span><\/p>\n                    <p>Patrick BOUCHAIN (Construire)\n                      <br>Lo\u00efc JULIENNE (Construire)\n                      <br>Chlo\u00e9 BODART (Compagnie architecture)<\/p>\n                  <\/div>\n                <\/div>\n                <div data-colibri-id=\"2175-c14\" class=\"h-text h-text-component style-1417 style-local-2175-c14 position-relative h-element\">\n                  <!---->\n                  <!---->\n                  <div class=\"\">\n                    <p><strong style=\"font-weight: 700;\">Les \u00e9quipes&nbsp;<\/strong>\n                      <br>Karine PETIT (Architecte DCAO)\n                      <br>Daniel SOURT (Sc\u00e9nographe)\n                      <br>Yves JACQUET (Structure et toile Ast\u00e9o)\n                      <br>T&amp;E Ing\u00e9nierie (Fluides)\n                      <br>Fran\u00e7ois BONNEFOUS (Acoustique)<\/p>\n                    <p><strong style=\"font-weight: 700;\">Missions r\u00e9alis\u00e9es par HOECO<\/strong>\n                      <br>\u00c9conomie de la construction, DET Partiel, OPC<\/p>\n                    <p><strong style=\"font-weight: 700;\">Montant des travaux<\/strong>\n                      <br>4.700.000\u20ac HT<\/p>\n                    <p><strong style=\"font-weight: 700;\">Surface<\/strong>\n                      <br>3.000m\n                      <sup>2<\/sup>\n                    <\/p>\n                    <p><strong style=\"font-weight: 700;\">Quand?<\/strong>\n                      <br>Livr\u00e9e en Avril 2014<\/p>\n                    <p><strong style=\"font-weight: 700;\">Performance<\/strong>\n                      <br>HQH<\/p>\n                  <\/div>\n                <\/div>\n              <\/div>\n            <\/div>\n          <\/div>\n        <\/div>\n      <\/div>\n    <\/div>\n  <\/div>\n<\/div>","protected":false},"excerpt":{"rendered":"<p>R\u00e9habilitation d&rsquo;un ancien hangar aux douanes en Espace de Musiques Actuelles (EMA Salle de concert de 1500 places, club, studios d&rsquo;enregistrement, bars et bureaux Ma\u00eetre d&rsquo;ouvrage La Communaut\u00e9 d&rsquo;Agglom\u00e9ration de La Rochelle Association XLR Con\u00e7u par Patrick BOUCHAIN (Construire) Lo\u00efc JULIENNE (Construire) Chlo\u00e9 BODART (Compagnie architecture) Les \u00e9quipes&nbsp; Karine PETIT (Architecte DCAO) Daniel SOURT (Sc\u00e9nographe) [&hellip;]<\/p>\n","protected":false},"author":1,"featured_media":0,"parent":0,"menu_order":0,"comment_status":"closed","ping_status":"closed","template":"page-templates\/full-width-page.php","meta":{"footnotes":""},"class_list":["post-2175","page","type-page","status-publish","hentry"],"_links":{"self":[{"href":"https:\/\/www.hoeco.fr\/index.php?rest_route=\/wp\/v2\/pages\/2175","targetHints":{"allow":["GET"]}}],"collection":[{"href":"https:\/\/www.hoeco.fr\/index.php?rest_route=\/wp\/v2\/pages"}],"about":[{"href":"https:\/\/www.hoeco.fr\/index.php?rest_route=\/wp\/v2\/types\/page"}],"author":[{"embeddable":true,"href":"https:\/\/www.hoeco.fr\/index.php?rest_route=\/wp\/v2\/users\/1"}],"replies":[{"embeddable":true,"href":"https:\/\/www.hoeco.fr\/index.php?rest_route=%2Fwp%2Fv2%2Fcomments&post=2175"}],"version-history":[{"count":3,"href":"https:\/\/www.hoeco.fr\/index.php?rest_route=\/wp\/v2\/pages\/2175\/revisions"}],"predecessor-version":[{"id":2843,"href":"https:\/\/www.hoeco.fr\/index.php?rest_route=\/wp\/v2\/pages\/2175\/revisions\/2843"}],"wp:attachment":[{"href":"https:\/\/www.hoeco.fr\/index.php?rest_route=%2Fwp%2Fv2%2Fmedia&parent=2175"}],"curies":[{"name":"wp","href":"https:\/\/api.w.org\/{rel}","templated":true}]}}